{"id":9926,"date":"2021-07-20T18:33:23","date_gmt":"2021-07-21T11:49:40","guid":{"rendered":"https:\/\/brdo.si\/dostopnost\/"},"modified":"2024-05-06T10:08:36","modified_gmt":"2024-05-06T08:08:36","slug":"dostopnost","status":"publish","type":"page","link":"https:\/\/brdo.si\/en\/dostopnost\/","title":{"rendered":"How to get here"},"content":{"rendered":"\t\t<div data-elementor-type=\"wp-page\" data-elementor-id=\"9926\" class=\"elementor elementor-9926 elementor-4532\" data-elementor-post-type=\"page\">\n\t\t\t\t\t\t<section class=\"elementor-section elementor-top-section elementor-element elementor-element-a2344e4 elementor-section-height-min-height elementor-section-boxed elementor-section-height-default elementor-section-items-middle\" data-id=\"a2344e4\" data-element_type=\"section\" data-settings=\"{&quot;background_background&quot;:&quot;classic&quot;}\">\n\t\t\t\t\t\t<div class=\"elementor-container elementor-column-gap-default\">\n\t\t\t\t\t<div class=\"elementor-column elementor-col-100 elementor-top-column elementor-element elementor-element-4f4db2a\" data-id=\"4f4db2a\" data-element_type=\"column\">\n\t\t\t<div class=\"elementor-widget-wrap\">\n\t\t\t\t\t\t\t<\/div>\n\t\t<\/div>\n\t\t\t\t\t<\/div>\n\t\t<\/section>\n\t\t\t\t<section class=\"elementor-section elementor-top-section elementor-element elementor-element-2cb383c elementor-section-boxed elementor-section-height-default elementor-section-height-default\" data-id=\"2cb383c\" data-element_type=\"section\">\n\t\t\t\t\t\t<div class=\"elementor-container elementor-column-gap-default\">\n\t\t\t\t\t<div class=\"elementor-column elementor-col-100 elementor-top-column elementor-element elementor-element-0e0fb82\" data-id=\"0e0fb82\" data-element_type=\"column\">\n\t\t\t<div class=\"elementor-widget-wrap elementor-element-populated\">\n\t\t\t\t\t\t<div class=\"elementor-element elementor-element-aad210f elementor-widget elementor-widget-text-editor\" data-id=\"aad210f\" data-element_type=\"widget\" data-widget_type=\"text-editor.default\">\n\t\t\t\t<div class=\"elementor-widget-container\">\n\t\t\t<style>\/*! elementor - v3.21.0 - 18-04-2024 *\/\n.elementor-widget-text-editor.elementor-drop-cap-view-stacked .elementor-drop-cap{background-color:#69727d;color:#fff}.elementor-widget-text-editor.elementor-drop-cap-view-framed .elementor-drop-cap{color:#69727d;border:3px solid;background-color:transparent}.elementor-widget-text-editor:not(.elementor-drop-cap-view-default) .elementor-drop-cap{margin-top:8px}.elementor-widget-text-editor:not(.elementor-drop-cap-view-default) .elementor-drop-cap-letter{width:1em;height:1em}.elementor-widget-text-editor .elementor-drop-cap{float:left;text-align:center;line-height:1;font-size:50px}.elementor-widget-text-editor .elementor-drop-cap-letter{display:inline-block}<\/style>\t\t\t\t<p>HOW TO FIND US<\/p>\t\t\t\t\t\t<\/div>\n\t\t\t\t<\/div>\n\t\t\t\t<div class=\"elementor-element elementor-element-8ffa117 elementor-widget-divider--view-line elementor-widget elementor-widget-divider\" data-id=\"8ffa117\" data-element_type=\"widget\" data-widget_type=\"divider.default\">\n\t\t\t\t<div class=\"elementor-widget-container\">\n\t\t\t<style>\/*! elementor - v3.21.0 - 18-04-2024 *\/\n.elementor-widget-divider{--divider-border-style:none;--divider-border-width:1px;--divider-color:#0c0d0e;--divider-icon-size:20px;--divider-element-spacing:10px;--divider-pattern-height:24px;--divider-pattern-size:20px;--divider-pattern-url:none;--divider-pattern-repeat:repeat-x}.elementor-widget-divider .elementor-divider{display:flex}.elementor-widget-divider .elementor-divider__text{font-size:15px;line-height:1;max-width:95%}.elementor-widget-divider .elementor-divider__element{margin:0 var(--divider-element-spacing);flex-shrink:0}.elementor-widget-divider .elementor-icon{font-size:var(--divider-icon-size)}.elementor-widget-divider .elementor-divider-separator{display:flex;margin:0;direction:ltr}.elementor-widget-divider--view-line_icon .elementor-divider-separator,.elementor-widget-divider--view-line_text .elementor-divider-separator{align-items:center}.elementor-widget-divider--view-line_icon .elementor-divider-separator:after,.elementor-widget-divider--view-line_icon .elementor-divider-separator:before,.elementor-widget-divider--view-line_text .elementor-divider-separator:after,.elementor-widget-divider--view-line_text .elementor-divider-separator:before{display:block;content:\"\";border-block-end:0;flex-grow:1;border-block-start:var(--divider-border-width) var(--divider-border-style) var(--divider-color)}.elementor-widget-divider--element-align-left .elementor-divider .elementor-divider-separator>.elementor-divider__svg:first-of-type{flex-grow:0;flex-shrink:100}.elementor-widget-divider--element-align-left .elementor-divider-separator:before{content:none}.elementor-widget-divider--element-align-left .elementor-divider__element{margin-left:0}.elementor-widget-divider--element-align-right .elementor-divider .elementor-divider-separator>.elementor-divider__svg:last-of-type{flex-grow:0;flex-shrink:100}.elementor-widget-divider--element-align-right .elementor-divider-separator:after{content:none}.elementor-widget-divider--element-align-right .elementor-divider__element{margin-right:0}.elementor-widget-divider--element-align-start .elementor-divider .elementor-divider-separator>.elementor-divider__svg:first-of-type{flex-grow:0;flex-shrink:100}.elementor-widget-divider--element-align-start .elementor-divider-separator:before{content:none}.elementor-widget-divider--element-align-start .elementor-divider__element{margin-inline-start:0}.elementor-widget-divider--element-align-end .elementor-divider .elementor-divider-separator>.elementor-divider__svg:last-of-type{flex-grow:0;flex-shrink:100}.elementor-widget-divider--element-align-end .elementor-divider-separator:after{content:none}.elementor-widget-divider--element-align-end .elementor-divider__element{margin-inline-end:0}.elementor-widget-divider:not(.elementor-widget-divider--view-line_text):not(.elementor-widget-divider--view-line_icon) .elementor-divider-separator{border-block-start:var(--divider-border-width) var(--divider-border-style) var(--divider-color)}.elementor-widget-divider--separator-type-pattern{--divider-border-style:none}.elementor-widget-divider--separator-type-pattern.elementor-widget-divider--view-line .elementor-divider-separator,.elementor-widget-divider--separator-type-pattern:not(.elementor-widget-divider--view-line) .elementor-divider-separator:after,.elementor-widget-divider--separator-type-pattern:not(.elementor-widget-divider--view-line) .elementor-divider-separator:before,.elementor-widget-divider--separator-type-pattern:not([class*=elementor-widget-divider--view]) .elementor-divider-separator{width:100%;min-height:var(--divider-pattern-height);-webkit-mask-size:var(--divider-pattern-size) 100%;mask-size:var(--divider-pattern-size) 100%;-webkit-mask-repeat:var(--divider-pattern-repeat);mask-repeat:var(--divider-pattern-repeat);background-color:var(--divider-color);-webkit-mask-image:var(--divider-pattern-url);mask-image:var(--divider-pattern-url)}.elementor-widget-divider--no-spacing{--divider-pattern-size:auto}.elementor-widget-divider--bg-round{--divider-pattern-repeat:round}.rtl .elementor-widget-divider .elementor-divider__text{direction:rtl}.e-con-inner>.elementor-widget-divider,.e-con>.elementor-widget-divider{width:var(--container-widget-width,100%);--flex-grow:var(--container-widget-flex-grow)}<\/style>\t\t<div class=\"elementor-divider\">\n\t\t\t<span class=\"elementor-divider-separator\">\n\t\t\t\t\t\t<\/span>\n\t\t<\/div>\n\t\t\t\t<\/div>\n\t\t\t\t<\/div>\n\t\t\t\t<div class=\"elementor-element elementor-element-c8003e6 elementor-widget elementor-widget-text-editor\" data-id=\"c8003e6\" data-element_type=\"widget\" data-widget_type=\"text-editor.default\">\n\t\t\t\t<div class=\"elementor-widget-container\">\n\t\t\t\t\t\t\t<p>BRDO ESTATE<\/p>\n\t\t\t\t\t\t<\/div>\n\t\t\t\t<\/div>\n\t\t\t\t<div class=\"elementor-element elementor-element-8e82075 elementor-widget elementor-widget-text-editor\" data-id=\"8e82075\" data-element_type=\"widget\" data-widget_type=\"text-editor.default\">\n\t\t\t\t<div class=\"elementor-widget-container\">\n\t\t\t\t\t\t\t<p><strong>The Brdo pri Kranju estate is located near Predoslje, close to the A2 motorway.<\/strong><\/p>\n<p>\u2192 If you are arriving from the motorway from Jesenice, take the Kranj \u2013 Zahod exit. Then, head towards Kokrica and follow the brown signs for Brdo Castle, which will take you to the Brdo Estate in about 2 km.<\/p>\n<p>\u2192 If you are arriving on the motorway from Ljubljana, take the Kranj \u2013 Vzhod exit and follow the brown signs for Brdo Castle. This route will take you to the Brdo Estate in approximately 8 km. Brdo Estate is roughly 30 km from Ljubljana.<\/p>\n<p>\u2192 If you are approaching from Ljubljana Airport, we recommend heading toward Kranj. From there, follow the signs for Predoslje and then the brown signs for Brdo Castle. The airport is approximately 10 km away from the Brdo Estate.<\/p>\n<p>\u2192 If you plan to arrive by bus, we recommend taking line 5. Disembark at the beginning of Predoslje village, which is about 600 m from the entrance to the Brdo Estate.<\/p>\n<p>Free parking is available at the Brdo Estate.<\/p>\n\t\t\t\t\t\t<\/div>\n\t\t\t\t<\/div>\n\t\t\t\t<div class=\"elementor-element elementor-element-10b6673 elementor-widget-divider--view-line elementor-widget elementor-widget-divider\" data-id=\"10b6673\" data-element_type=\"widget\" data-widget_type=\"divider.default\">\n\t\t\t\t<div class=\"elementor-widget-container\">\n\t\t\t\t\t<div class=\"elementor-divider\">\n\t\t\t<span class=\"elementor-divider-separator\">\n\t\t\t\t\t\t<\/span>\n\t\t<\/div>\n\t\t\t\t<\/div>\n\t\t\t\t<\/div>\n\t\t\t\t<div class=\"elementor-element elementor-element-54501a4 elementor-widget elementor-widget-text-editor\" data-id=\"54501a4\" data-element_type=\"widget\" data-widget_type=\"text-editor.default\">\n\t\t\t\t<div class=\"elementor-widget-container\">\n\t\t\t\t\t\t\t<p><strong>BRDO PARK RECEPTION<\/strong><\/p>\n<p>Predoslje 39, 4000 Kranj<\/p>\n<p><strong>T:<\/strong> 00 386 (0)4 260 12 00<br \/><strong>E:<\/strong> <a href=\"mailto:park@brdo.si\">park@brdo.si<\/a> <\/p>\n\t\t\t\t\t\t<\/div>\n\t\t\t\t<\/div>\n\t\t\t\t<div class=\"elementor-element elementor-element-16cd80a elementor-align-center elementor-widget elementor-widget-button\" data-id=\"16cd80a\" data-element_type=\"widget\" data-widget_type=\"button.default\">\n\t\t\t\t<div class=\"elementor-widget-container\">\n\t\t\t\t\t<div class=\"elementor-button-wrapper\">\n\t\t\t<a class=\"elementor-button elementor-button-link elementor-size-sm\" href=\"https:\/\/goo.gl\/maps\/wq4yYaWRJFNQLzxAA\" target=\"_blank\" rel=\"noopener\">\n\t\t\t\t\t\t<span class=\"elementor-button-content-wrapper\">\n\t\t\t\t\t\t\t\t\t<span class=\"elementor-button-text\">L O C A T I O N<\/span>\n\t\t\t\t\t<\/span>\n\t\t\t\t\t<\/a>\n\t\t<\/div>\n\t\t\t\t<\/div>\n\t\t\t\t<\/div>\n\t\t\t\t<div class=\"elementor-element elementor-element-e85e34f elementor-widget-divider--view-line elementor-widget elementor-widget-divider\" data-id=\"e85e34f\" data-element_type=\"widget\" data-widget_type=\"divider.default\">\n\t\t\t\t<div class=\"elementor-widget-container\">\n\t\t\t\t\t<div class=\"elementor-divider\">\n\t\t\t<span class=\"elementor-divider-separator\">\n\t\t\t\t\t\t<\/span>\n\t\t<\/div>\n\t\t\t\t<\/div>\n\t\t\t\t<\/div>\n\t\t\t\t<div class=\"elementor-element elementor-element-7e9b97e elementor-widget elementor-widget-text-editor\" data-id=\"7e9b97e\" data-element_type=\"widget\" data-widget_type=\"text-editor.default\">\n\t\t\t\t<div class=\"elementor-widget-container\">\n\t\t\t\t\t\t\t<p>STRMOL ESTATE<\/p>\n\t\t\t\t\t\t<\/div>\n\t\t\t\t<\/div>\n\t\t\t\t<div class=\"elementor-element elementor-element-4d20e30 elementor-widget elementor-widget-text-editor\" data-id=\"4d20e30\" data-element_type=\"widget\" data-widget_type=\"text-editor.default\">\n\t\t\t\t<div class=\"elementor-widget-container\">\n\t\t\t\t\t\t\t<p><strong>Strmol Castle is nestled on the slopes of the Mansion Hill, near Cerklje na Gorenjskem.<\/strong><\/p>\n<p>\u2192 If you take the Vodice exit, continue onto the regional road and make a right turn. Drive until you reach the traffic lights, then turn left and proceed to the roundabout in Spodnji Brnik. Take the exit for Cerklje (also marked for Strmol Castle) and follow the route toward Cerklje na Gorenjskem, in the direction of the Krvavec ski resort. Keep on the main road (with a strict left turn) towards \u010ce\u0161njevek, indicated by a sign for Strmol Castle at the crossroads. Shortly after passing the bus station, you&#8217;ll find a right turn-off to the village of Dvorje. Continue straight ahead to reach Grad Strmol.<\/p>\n<p>\u2192 If you choose the Brnik exit, continue on the main road Kranj\u2013Brnik, make a right turn, pass the airport, and continue to the first left turn (towards Cerklje). Drive through the village and make a left turn at the junction towards Cerklje. Follow the path towards the Krvavec ski resort. At the Y-junction, make a left turn towards Strmol Castle. At the subsequent junction, where the main road veers left, continue straight ahead, passing the bus stop. Follow the narrow asphalted road<br \/>until you reach Strmol Estate.<\/p>\n<p>\u2192 If you opt for the Kranj \u2013 Vzhod exit, make a right turn towards \u0160en\u010dur. At the initial roundabout, take the third exit (towards \u0160en\u010dur centre) and continue until you reach a T-junction by the church or Mercator, where you should make a left turn. After approximately 400 m, you&#8217;ll encounter a somewhat inconspicuous Y-junction. At this point, depart from the main road and make a right turn. After roughly 3.5 km, you&#8217;ll arrive at another T-junction; turn left, and the road will guide you to the village of Trata. As you approach the main road, make a right turn at the crossroads, heading towards Cerklje. Soon, you&#8217;ll spot Strmol Castle on your left. When you reach the crossroads where the main road takes a sharp right turn towards Cerklje, make a left turn and proceed along the narrow asphalted road to Strmol Estate.<\/p>\n<p>Free parking is available at the Strmol Estate.<\/p>\n\t\t\t\t\t\t<\/div>\n\t\t\t\t<\/div>\n\t\t\t\t<div class=\"elementor-element elementor-element-ca1eb86 elementor-widget-divider--view-line elementor-widget elementor-widget-divider\" data-id=\"ca1eb86\" data-element_type=\"widget\" data-widget_type=\"divider.default\">\n\t\t\t\t<div class=\"elementor-widget-container\">\n\t\t\t\t\t<div class=\"elementor-divider\">\n\t\t\t<span class=\"elementor-divider-separator\">\n\t\t\t\t\t\t<\/span>\n\t\t<\/div>\n\t\t\t\t<\/div>\n\t\t\t\t<\/div>\n\t\t\t\t<div class=\"elementor-element elementor-element-ece3f12 elementor-widget elementor-widget-text-editor\" data-id=\"ece3f12\" data-element_type=\"widget\" data-widget_type=\"text-editor.default\">\n\t\t\t\t<div class=\"elementor-widget-container\">\n\t\t\t\t\t\t\t<p><strong>STRMOL ESTATE<\/strong><\/p>\n<p>Dvorje 3, 4207 Cerklje na Gorenjskem<\/p>\n<p>T: 00 386 (0)4 260 15 99 <strong>(castle)<br \/><\/strong>T: 00 386 (0)4 202 59 18 <strong>(cafe)<\/strong><\/p>\n<p>E: <a href=\"mailto:recepcija-gs@brdo.si\">grad-strmol@brdo.si<\/a><\/p>\n\t\t\t\t\t\t<\/div>\n\t\t\t\t<\/div>\n\t\t\t\t<div class=\"elementor-element elementor-element-f19d8f4 elementor-align-center elementor-widget elementor-widget-button\" data-id=\"f19d8f4\" data-element_type=\"widget\" data-widget_type=\"button.default\">\n\t\t\t\t<div class=\"elementor-widget-container\">\n\t\t\t\t\t<div class=\"elementor-button-wrapper\">\n\t\t\t<a class=\"elementor-button elementor-button-link elementor-size-sm\" href=\"https:\/\/goo.gl\/maps\/LBPmvzFSDjoarBxMA\" target=\"_blank\" rel=\"noopener\">\n\t\t\t\t\t\t<span class=\"elementor-button-content-wrapper\">\n\t\t\t\t\t\t\t\t\t<span class=\"elementor-button-text\">L O C A T I O N<\/span>\n\t\t\t\t\t<\/span>\n\t\t\t\t\t<\/a>\n\t\t<\/div>\n\t\t\t\t<\/div>\n\t\t\t\t<\/div>\n\t\t\t\t<div class=\"elementor-element elementor-element-c05205c elementor-widget-divider--view-line elementor-widget elementor-widget-divider\" data-id=\"c05205c\" data-element_type=\"widget\" data-widget_type=\"divider.default\">\n\t\t\t\t<div class=\"elementor-widget-container\">\n\t\t\t\t\t<div class=\"elementor-divider\">\n\t\t\t<span class=\"elementor-divider-separator\">\n\t\t\t\t\t\t<\/span>\n\t\t<\/div>\n\t\t\t\t<\/div>\n\t\t\t\t<\/div>\n\t\t\t\t<div class=\"elementor-element elementor-element-768f806 elementor-widget elementor-widget-text-editor\" data-id=\"768f806\" data-element_type=\"widget\" data-widget_type=\"text-editor.default\">\n\t\t\t\t<div class=\"elementor-widget-container\">\n\t\t\t\t\t\t\t<p>VILA BLED<\/p>\n\t\t\t\t\t\t<\/div>\n\t\t\t\t<\/div>\n\t\t\t\t<div class=\"elementor-element elementor-element-9e4c042 elementor-widget elementor-widget-text-editor\" data-id=\"9e4c042\" data-element_type=\"widget\" data-widget_type=\"text-editor.default\">\n\t\t\t\t<div class=\"elementor-widget-container\">\n\t\t\t\t\t\t\t<p>Vila Bled is situated on the southern shores of Lake Bled, located along the main Bled\u2013Bohinj road.<\/p>\n<p>\u2192 If you are arriving from the direction of Jesenice via the motorway, take exit 3, marked as Bled. Proceed by taking the second exit at the roundabout, then continue along the main road, passing through the heart of Bled. After approximately 5 km, make a right turn to reach the southern side of the lake.<\/p>\n<p>\u2192 If you are travelling from Kranj on the motorway, take exit 3, marked as Bled. Proceed by taking the second exit at the roundabout, then continue along the main road, passing through the heart of Bled. After approximately 5 km, make a right turn to reach the southern side of the lake.<\/p>\n<p>\u2192 If you are arriving from the direction of Bohinj, from the signpost for Bled, follow the main road and turn left after 550 m.<\/p>\n<p>\u2192 Traveling from Gorje? Follow the main road until you reach a roundabout, where you should take the first exit. Continue on the main road for 2 km before making a right turn.<\/p>\n<p>\u2192 From Lesce, turn left at the traffic lights. At the roundabout, take the second exit. Follow the main road and make a right turn after 2 km to reach your destination.<\/p>\n<p>Bled Train Station is situated 2.1 km from the villa. The intercity bus stop is 2.6 km away and the local bus stop Bled Mlino is 350 metres away from the villa.<\/p>\n<p>Free parking is available at Vila Bled<\/p>\n\t\t\t\t\t\t<\/div>\n\t\t\t\t<\/div>\n\t\t\t\t<div class=\"elementor-element elementor-element-45a8466 elementor-widget-divider--view-line elementor-widget elementor-widget-divider\" data-id=\"45a8466\" data-element_type=\"widget\" data-widget_type=\"divider.default\">\n\t\t\t\t<div class=\"elementor-widget-container\">\n\t\t\t\t\t<div class=\"elementor-divider\">\n\t\t\t<span class=\"elementor-divider-separator\">\n\t\t\t\t\t\t<\/span>\n\t\t<\/div>\n\t\t\t\t<\/div>\n\t\t\t\t<\/div>\n\t\t\t\t<div class=\"elementor-element elementor-element-7223e5f elementor-widget elementor-widget-text-editor\" data-id=\"7223e5f\" data-element_type=\"widget\" data-widget_type=\"text-editor.default\">\n\t\t\t\t<div class=\"elementor-widget-container\">\n\t\t\t\t\t\t\t<p><strong>VILA BLED<\/strong><\/p>\n<p>Cesta svobode 18, 4260 Bled<\/p>\n<p>T: <strong>00 386 (0)4 575 37 10<\/strong><\/p>\n<p>E: <a href=\"mailto:vila-tartini@brdo.si\">vila-bled@brdo.si<\/a><\/p>\n\t\t\t\t\t\t<\/div>\n\t\t\t\t<\/div>\n\t\t\t\t<div class=\"elementor-element elementor-element-06e9eda elementor-align-center elementor-widget elementor-widget-button\" data-id=\"06e9eda\" data-element_type=\"widget\" data-widget_type=\"button.default\">\n\t\t\t\t<div class=\"elementor-widget-container\">\n\t\t\t\t\t<div class=\"elementor-button-wrapper\">\n\t\t\t<a class=\"elementor-button elementor-button-link elementor-size-sm\" href=\"https:\/\/www.google.com\/maps\/place\/Vila+Bled\/@46.3593471,14.0914028,17z\/data=!3m1!4b1!4m8!3m7!1s0x477a9102294144a1:0x93bac9694cabe8a4!5m2!4m1!1i2!8m2!3d46.3592914!4d14.0935722\" target=\"_blank\" rel=\"noopener\">\n\t\t\t\t\t\t<span class=\"elementor-button-content-wrapper\">\n\t\t\t\t\t\t\t\t\t<span class=\"elementor-button-text\">L O C A T I O N<\/span>\n\t\t\t\t\t<\/span>\n\t\t\t\t\t<\/a>\n\t\t<\/div>\n\t\t\t\t<\/div>\n\t\t\t\t<\/div>\n\t\t\t\t<div class=\"elementor-element elementor-element-d5b2b2c elementor-widget-divider--view-line elementor-widget elementor-widget-divider\" data-id=\"d5b2b2c\" data-element_type=\"widget\" data-widget_type=\"divider.default\">\n\t\t\t\t<div class=\"elementor-widget-container\">\n\t\t\t\t\t<div class=\"elementor-divider\">\n\t\t\t<span class=\"elementor-divider-separator\">\n\t\t\t\t\t\t<\/span>\n\t\t<\/div>\n\t\t\t\t<\/div>\n\t\t\t\t<\/div>\n\t\t\t\t<div class=\"elementor-element elementor-element-a590f28 elementor-widget elementor-widget-text-editor\" data-id=\"a590f28\" data-element_type=\"widget\" data-widget_type=\"text-editor.default\">\n\t\t\t\t<div class=\"elementor-widget-container\">\n\t\t\t\t\t\t\t<p>VILA TARTINI<\/p>\n\t\t\t\t\t\t<\/div>\n\t\t\t\t<\/div>\n\t\t\t\t<div class=\"elementor-element elementor-element-4bb98f5 elementor-widget elementor-widget-text-editor\" data-id=\"4bb98f5\" data-element_type=\"widget\" data-widget_type=\"text-editor.default\">\n\t\t\t\t<div class=\"elementor-widget-container\">\n\t\t\t\t\t\t\t<p>Vila Tartini is situated within the Strunjan Landscape Park, right on the coastal edge.<\/p>\n<p>\u2192 If you&#8217;re traveling from the motorway from the direction of Koper, follow the signs for Piran. Take the first exit at the Strunjan roundabout, continue straight ahead, and at the first junction, turn left towards the main Strunjan car park. Look for the sign indicating &#8220;permitted for emergency vehicles, disabled persons, vans, and Vila Tartini.&#8221; Drive on until you reach the beach bar, then make a right turn.<\/p>\n<p>\u2192 If you&#8217;re coming from Portoro\u017e, follow the signs for Strunjan. Take the third exit at the roundabout and continue straight to the main Strunjan car park. Look for the sign indicating &#8220;permitted for emergency vehicles, disabled persons, vans, and Vila Tartini.&#8221; Drive to the beach bar and turn right.<\/p>\n<p>\u2192 If you&#8217;re arriving by bus from Piran or Portoro\u017e, we recommend taking the 1.1.2. route. Get off at the main Strunjan car park, which is approximately 500 meters from the entrance to the Vila Tartini estate. If you&#8217;re boarding a bus in Koper, select the Arriva bus that will take you to the Strunjan roundabout. There, switch to the local bus 1.1.2., which will transport you to the main car park in Strunjan, located roughly 500 meters from the entrance to the Villa Tartini estate.<\/p>\n<p>Upon reaching the main gate of the villa, please call 030 484 530 for assistance in opening it. Free parking is available at Vila Tartini.<\/p>\n\t\t\t\t\t\t<\/div>\n\t\t\t\t<\/div>\n\t\t\t\t<div class=\"elementor-element elementor-element-d734e7e elementor-widget-divider--view-line elementor-widget elementor-widget-divider\" data-id=\"d734e7e\" data-element_type=\"widget\" data-widget_type=\"divider.default\">\n\t\t\t\t<div class=\"elementor-widget-container\">\n\t\t\t\t\t<div class=\"elementor-divider\">\n\t\t\t<span class=\"elementor-divider-separator\">\n\t\t\t\t\t\t<\/span>\n\t\t<\/div>\n\t\t\t\t<\/div>\n\t\t\t\t<\/div>\n\t\t\t\t<div class=\"elementor-element elementor-element-e3f6743 elementor-widget elementor-widget-text-editor\" data-id=\"e3f6743\" data-element_type=\"widget\" data-widget_type=\"text-editor.default\">\n\t\t\t\t<div class=\"elementor-widget-container\">\n\t\t\t\t\t\t\t<p><strong>VILA TARTINI<\/strong><\/p>\n<p>Strunjan 149, 6320 Portoro\u017e<\/p>\n<p>T: <strong>00 386 (0)30 484 530<\/strong><\/p>\n<p>E: <a href=\"mailto:vila-tartini@brdo.si\">vila-tartini@brdo.si<\/a><\/p>\n\t\t\t\t\t\t<\/div>\n\t\t\t\t<\/div>\n\t\t\t\t<div class=\"elementor-element elementor-element-5561ff7 elementor-align-center elementor-widget elementor-widget-button\" data-id=\"5561ff7\" data-element_type=\"widget\" data-widget_type=\"button.default\">\n\t\t\t\t<div class=\"elementor-widget-container\">\n\t\t\t\t\t<div class=\"elementor-button-wrapper\">\n\t\t\t<a class=\"elementor-button elementor-button-link elementor-size-sm\" href=\"https:\/\/goo.gl\/maps\/UwksbowoU8Smoyrr9\" target=\"_blank\" rel=\"noopener\">\n\t\t\t\t\t\t<span class=\"elementor-button-content-wrapper\">\n\t\t\t\t\t\t\t\t\t<span class=\"elementor-button-text\">L O C A T I O N<\/span>\n\t\t\t\t\t<\/span>\n\t\t\t\t\t<\/a>\n\t\t<\/div>\n\t\t\t\t<\/div>\n\t\t\t\t<\/div>\n\t\t\t\t\t<\/div>\n\t\t<\/div>\n\t\t\t\t\t<\/div>\n\t\t<\/section>\n\t\t\t\t<section class=\"elementor-section elementor-top-section elementor-element elementor-element-8069698 elementor-section-boxed elementor-section-height-default elementor-section-height-default\" data-id=\"8069698\" data-element_type=\"section\">\n\t\t\t\t\t\t<div class=\"elementor-container elementor-column-gap-default\">\n\t\t\t\t\t<div class=\"elementor-column elementor-col-100 elementor-top-column elementor-element elementor-element-46ee2c8\" data-id=\"46ee2c8\" data-element_type=\"column\">\n\t\t\t<div class=\"elementor-widget-wrap\">\n\t\t\t\t\t\t\t<\/div>\n\t\t<\/div>\n\t\t\t\t\t<\/div>\n\t\t<\/section>\n\t\t\t\t<\/div>\n\t\t","protected":false},"excerpt":{"rendered":"<p>HOW TO FIND US BRDO ESTATE The Brdo pri Kranju estate is located near Predoslje, close to the A2 motorway. \u2192 If you are arriving from the motorway from Jesenice, take the Kranj \u2013 Zahod exit. Then, head towards Kokrica and follow the brown signs for Brdo Castle, which will take you to the Brdo [&hellip;]<\/p>\n","protected":false},"author":1,"featured_media":261,"parent":0,"menu_order":214,"comment_status":"closed","ping_status":"closed","template":"","meta":{"uix_meta_title":"","uix_meta_description":"","uix_canonical_url":"","footnotes":""},"_links":{"self":[{"href":"https:\/\/brdo.si\/en\/wp-json\/wp\/v2\/pages\/9926"}],"collection":[{"href":"https:\/\/brdo.si\/en\/wp-json\/wp\/v2\/pages"}],"about":[{"href":"https:\/\/brdo.si\/en\/wp-json\/wp\/v2\/types\/page"}],"author":[{"embeddable":true,"href":"https:\/\/brdo.si\/en\/wp-json\/wp\/v2\/users\/1"}],"replies":[{"embeddable":true,"href":"https:\/\/brdo.si\/en\/wp-json\/wp\/v2\/comments?post=9926"}],"version-history":[{"count":0,"href":"https:\/\/brdo.si\/en\/wp-json\/wp\/v2\/pages\/9926\/revisions"}],"wp:featuredmedia":[{"embeddable":true,"href":"https:\/\/brdo.si\/en\/wp-json\/wp\/v2\/media\/261"}],"wp:attachment":[{"href":"https:\/\/brdo.si\/en\/wp-json\/wp\/v2\/media?parent=9926"}],"curies":[{"name":"wp","href":"https:\/\/api.w.org\/{rel}","templated":true}]}}