{"id":10755,"date":"2021-07-20T18:33:23","date_gmt":"2021-04-19T18:04:22","guid":{"rendered":"https:\/\/brdo.si\/kontakt\/"},"modified":"2026-05-05T08:50:41","modified_gmt":"2026-05-05T06:50:41","slug":"kontakt","status":"publish","type":"page","link":"https:\/\/brdo.si\/en\/kontakt\/","title":{"rendered":"Contact"},"content":{"rendered":"\t\t<div data-elementor-type=\"wp-page\" data-elementor-id=\"10755\" class=\"elementor elementor-10755 elementor-53\" data-elementor-post-type=\"page\">\n\t\t\t\t\t\t<section class=\"elementor-section elementor-top-section elementor-element elementor-element-827743c elementor-section-height-min-height elementor-section-boxed elementor-section-height-default elementor-section-items-middle\" data-id=\"827743c\" data-element_type=\"section\" data-settings=\"{&quot;background_background&quot;:&quot;classic&quot;}\">\n\t\t\t\t\t\t<div class=\"elementor-container elementor-column-gap-default\">\n\t\t\t\t\t<div class=\"elementor-column elementor-col-100 elementor-top-column elementor-element elementor-element-0633da3\" data-id=\"0633da3\" data-element_type=\"column\">\n\t\t\t<div class=\"elementor-widget-wrap\">\n\t\t\t\t\t\t\t<\/div>\n\t\t<\/div>\n\t\t\t\t\t<\/div>\n\t\t<\/section>\n\t\t\t\t<section class=\"elementor-section elementor-top-section elementor-element elementor-element-5048fa7 elementor-section-boxed elementor-section-height-default elementor-section-height-default\" data-id=\"5048fa7\" data-element_type=\"section\">\n\t\t\t\t\t\t<div class=\"elementor-container elementor-column-gap-default\">\n\t\t\t\t\t<div class=\"elementor-column elementor-col-100 elementor-top-column elementor-element elementor-element-16c9254\" data-id=\"16c9254\" data-element_type=\"column\">\n\t\t\t<div class=\"elementor-widget-wrap elementor-element-populated\">\n\t\t\t\t\t\t<div class=\"elementor-element elementor-element-ace9ceb elementor-widget elementor-widget-spacer\" data-id=\"ace9ceb\" data-element_type=\"widget\" data-widget_type=\"spacer.default\">\n\t\t\t\t<div class=\"elementor-widget-container\">\n\t\t\t<style>\/*! elementor - v3.21.0 - 18-04-2024 *\/\n.elementor-column .elementor-spacer-inner{height:var(--spacer-size)}.e-con{--container-widget-width:100%}.e-con-inner>.elementor-widget-spacer,.e-con>.elementor-widget-spacer{width:var(--container-widget-width,var(--spacer-size));--align-self:var(--container-widget-align-self,initial);--flex-shrink:0}.e-con-inner>.elementor-widget-spacer>.elementor-widget-container,.e-con>.elementor-widget-spacer>.elementor-widget-container{height:100%;width:100%}.e-con-inner>.elementor-widget-spacer>.elementor-widget-container>.elementor-spacer,.e-con>.elementor-widget-spacer>.elementor-widget-container>.elementor-spacer{height:100%}.e-con-inner>.elementor-widget-spacer>.elementor-widget-container>.elementor-spacer>.elementor-spacer-inner,.e-con>.elementor-widget-spacer>.elementor-widget-container>.elementor-spacer>.elementor-spacer-inner{height:var(--container-widget-height,var(--spacer-size))}.e-con-inner>.elementor-widget-spacer.elementor-widget-empty,.e-con>.elementor-widget-spacer.elementor-widget-empty{position:relative;min-height:22px;min-width:22px}.e-con-inner>.elementor-widget-spacer.elementor-widget-empty .elementor-widget-empty-icon,.e-con>.elementor-widget-spacer.elementor-widget-empty .elementor-widget-empty-icon{position:absolute;top:0;bottom:0;left:0;right:0;margin:auto;padding:0;width:22px;height:22px}<\/style>\t\t<div class=\"elementor-spacer\">\n\t\t\t<div class=\"elementor-spacer-inner\"><\/div>\n\t\t<\/div>\n\t\t\t\t<\/div>\n\t\t\t\t<\/div>\n\t\t\t\t\t<\/div>\n\t\t<\/div>\n\t\t\t\t\t<\/div>\n\t\t<\/section>\n\t\t\t\t<section class=\"elementor-section elementor-top-section elementor-element elementor-element-7c7ce1f elementor-section-boxed elementor-section-height-default elementor-section-height-default\" data-id=\"7c7ce1f\" data-element_type=\"section\">\n\t\t\t\t\t\t<div class=\"elementor-container elementor-column-gap-default\">\n\t\t\t\t\t<div class=\"elementor-column elementor-col-100 elementor-top-column elementor-element elementor-element-c3bcfa7\" data-id=\"c3bcfa7\" data-element_type=\"column\">\n\t\t\t<div class=\"elementor-widget-wrap elementor-element-populated\">\n\t\t\t\t\t\t<div class=\"elementor-element elementor-element-7a8a993 elementor-widget elementor-widget-text-editor\" data-id=\"7a8a993\" data-element_type=\"widget\" data-widget_type=\"text-editor.default\">\n\t\t\t\t<div class=\"elementor-widget-container\">\n\t\t\t<style>\/*! elementor - v3.21.0 - 18-04-2024 *\/\n.elementor-widget-text-editor.elementor-drop-cap-view-stacked .elementor-drop-cap{background-color:#69727d;color:#fff}.elementor-widget-text-editor.elementor-drop-cap-view-framed .elementor-drop-cap{color:#69727d;border:3px solid;background-color:transparent}.elementor-widget-text-editor:not(.elementor-drop-cap-view-default) .elementor-drop-cap{margin-top:8px}.elementor-widget-text-editor:not(.elementor-drop-cap-view-default) .elementor-drop-cap-letter{width:1em;height:1em}.elementor-widget-text-editor .elementor-drop-cap{float:left;text-align:center;line-height:1;font-size:50px}.elementor-widget-text-editor .elementor-drop-cap-letter{display:inline-block}<\/style>\t\t\t\t<p><strong>CONTACTS<\/strong><\/p>\t\t\t\t\t\t<\/div>\n\t\t\t\t<\/div>\n\t\t\t\t\t<\/div>\n\t\t<\/div>\n\t\t\t\t\t<\/div>\n\t\t<\/section>\n\t\t\t\t<section class=\"elementor-section elementor-top-section elementor-element elementor-element-70483d2 elementor-section-boxed elementor-section-height-default elementor-section-height-default\" data-id=\"70483d2\" data-element_type=\"section\" data-settings=\"{&quot;background_background&quot;:&quot;classic&quot;}\">\n\t\t\t\t\t\t<div class=\"elementor-container elementor-column-gap-default\">\n\t\t\t\t\t<div class=\"elementor-column elementor-col-25 elementor-top-column elementor-element elementor-element-e391d9a\" data-id=\"e391d9a\" data-element_type=\"column\">\n\t\t\t<div class=\"elementor-widget-wrap elementor-element-populated\">\n\t\t\t\t\t\t<div class=\"elementor-element elementor-element-c844e9a elementor-widget elementor-widget-text-editor\" data-id=\"c844e9a\" data-element_type=\"widget\" data-widget_type=\"text-editor.default\">\n\t\t\t\t<div class=\"elementor-widget-container\">\n\t\t\t\t\t\t\t<p><span class=\"s1\"><strong>\u2192 BRDO ESTATE<\/strong><br><em>Predoslje 39 | 4000 Kranj<\/em><\/span><\/p>\t\t\t\t\t\t<\/div>\n\t\t\t\t<\/div>\n\t\t\t\t<div class=\"elementor-element elementor-element-f202063 elementor-widget elementor-widget-text-editor\" data-id=\"f202063\" data-element_type=\"widget\" data-widget_type=\"text-editor.default\">\n\t\t\t\t<div class=\"elementor-widget-container\">\n\t\t\t\t\t\t\t<p><strong>Elegans Hotel Brdo<br><\/strong>T: <a href=\"tel:0038642601000\" target=\"_blank\" rel=\"noopener\">00 386 (0)4 260 10 00<\/a><br>E: <a href=\"mailto:recepcija@brdo.si\">recepcija@brdo.si<\/a><\/p><p><strong>Wellness Elegans<br><\/strong>T: <a href=\"tel:0038642601000\" target=\"_blank\" rel=\"noopener\">00 386 (0)4 260 14 71<\/a><br>E: <a href=\"mailto:wellness@brdo.si\">wellness@brdo.si<\/a><\/p><p><strong>Restaurant<br><\/strong>T: <a href=\"tel:0038642601000\" target=\"_blank\" rel=\"noopener\">00 386 (0)4 260 14 68<\/a><br>E: <a href=\"mailto:wellness@brdo.si\">aida.kadic@brdo.si<\/a><\/p><p><strong>Brdo Park and Experiences<\/strong><br>T: <a href=\"tel:0038642601200\">00 386 (0)4 260 12 00<\/a><br>E: <a href=\"mailto:park@brdo.si\">park@brdo.si<\/a><\/p><p><strong>Congress Centre<br><\/strong><span class=\"s1\">T: <a href=\"tel:003864601661\">00 386 (0)4 260 16 61<\/a><br>E: <a href=\"mailto:prodaja@brdo.si\">prodaja@brdo.si<\/a><\/span><\/p><p><strong>Weddings<br><\/strong>T: <a href=\"tel:00386426015%2044\">00 386 (0)4 260 15 44<\/a><br>E: <a href=\"mailto:poroke@brdo.si\">poroke@brdo.si<\/a><\/p><p><strong>Golf Brdo<br><\/strong>Tee time reservations:<br>T:<a href=\"tel:0038642601200\"> 00 386 (0)4 260 12 00<\/a><br>E: <a href=\"mailto:park@brdo.si\">park@brdo.si<\/a><\/p>\t\t\t\t\t\t<\/div>\n\t\t\t\t<\/div>\n\t\t\t\t\t<\/div>\n\t\t<\/div>\n\t\t\t\t<div class=\"elementor-column elementor-col-25 elementor-top-column elementor-element elementor-element-3c6015d\" data-id=\"3c6015d\" data-element_type=\"column\">\n\t\t\t<div class=\"elementor-widget-wrap elementor-element-populated\">\n\t\t\t\t\t\t<div class=\"elementor-element elementor-element-228b5ab elementor-widget elementor-widget-text-editor\" data-id=\"228b5ab\" data-element_type=\"widget\" data-widget_type=\"text-editor.default\">\n\t\t\t\t<div class=\"elementor-widget-container\">\n\t\t\t\t\t\t\t<p><strong>\u2192 VILA BLED<br><\/strong><em>Cesta svobode 18 I 4260 Bled<\/em><\/p>\t\t\t\t\t\t<\/div>\n\t\t\t\t<\/div>\n\t\t\t\t<div class=\"elementor-element elementor-element-1efeced elementor-widget elementor-widget-text-editor\" data-id=\"1efeced\" data-element_type=\"widget\" data-widget_type=\"text-editor.default\">\n\t\t\t\t<div class=\"elementor-widget-container\">\n\t\t\t\t\t\t\t<p><strong>Vila Bled<br><\/strong>T: <a href=\"http:\/\/tel.0038645753710\">00 386 (0)4 575 37 10<\/a><br>E: <a href=\"mailto:recepcija-vb@brdo.si\">recepcija-vb@brdo.si<\/a><\/p><p><strong>Caf\u00e9 Belvedere<br><\/strong>T: <a href=\"tel:0038645753710\">00 386 (0)4 575 37 21<\/a> <br>E: <a href=\"mailto:recepcija-vb@brdo.si\">recepcija-vb@brdo.si<\/a><\/p>\t\t\t\t\t\t<\/div>\n\t\t\t\t<\/div>\n\t\t\t\t\t<\/div>\n\t\t<\/div>\n\t\t\t\t<div class=\"elementor-column elementor-col-25 elementor-top-column elementor-element elementor-element-f3a19ad\" data-id=\"f3a19ad\" data-element_type=\"column\">\n\t\t\t<div class=\"elementor-widget-wrap elementor-element-populated\">\n\t\t\t\t\t\t<div class=\"elementor-element elementor-element-a0969e2 elementor-widget elementor-widget-text-editor\" data-id=\"a0969e2\" data-element_type=\"widget\" data-widget_type=\"text-editor.default\">\n\t\t\t\t<div class=\"elementor-widget-container\">\n\t\t\t\t\t\t\t<p><strong>\u2192 STRMOL ESTATE<\/strong><br><em>Dvorje 3 | Cerklje na Gorenjskem<\/em><\/p>\t\t\t\t\t\t<\/div>\n\t\t\t\t<\/div>\n\t\t\t\t<div class=\"elementor-element elementor-element-5158cd3 elementor-widget elementor-widget-text-editor\" data-id=\"5158cd3\" data-element_type=\"widget\" data-widget_type=\"text-editor.default\">\n\t\t\t\t<div class=\"elementor-widget-container\">\n\t\t\t\t\t\t\t<p><strong>Strmol Castle<\/strong><br>T: <a href=\"tel:0038642025900\">00 386 (0)4 202 59 00 <\/a><br>E: <a href=\"mailto:grad-strmol@brdo.si\">grad-strmol@brdo.si<\/a><\/p><p><strong>Caf\u00e9 Strmol<\/strong><br>T: <a href=\"tel:0038642025918\">00 386 (0)4 202 59 18<\/a> <br>E: <a href=\"mailto:grad-strmol@brdo.si\">grad-strmol@brdo.si<\/a><\/p>\t\t\t\t\t\t<\/div>\n\t\t\t\t<\/div>\n\t\t\t\t\t<\/div>\n\t\t<\/div>\n\t\t\t\t<div class=\"elementor-column elementor-col-25 elementor-top-column elementor-element elementor-element-ee4a412\" data-id=\"ee4a412\" data-element_type=\"column\">\n\t\t\t<div class=\"elementor-widget-wrap elementor-element-populated\">\n\t\t\t\t\t\t<div class=\"elementor-element elementor-element-418ded9 elementor-widget elementor-widget-text-editor\" data-id=\"418ded9\" data-element_type=\"widget\" data-widget_type=\"text-editor.default\">\n\t\t\t\t<div class=\"elementor-widget-container\">\n\t\t\t\t\t\t\t<p><strong>\u2192 VILA TARTINI<\/strong><br><em>Strunjan 149 | 6320 Portoro\u017e<\/em><\/p>\t\t\t\t\t\t<\/div>\n\t\t\t\t<\/div>\n\t\t\t\t<div class=\"elementor-element elementor-element-696398b elementor-widget elementor-widget-text-editor\" data-id=\"696398b\" data-element_type=\"widget\" data-widget_type=\"text-editor.default\">\n\t\t\t\t<div class=\"elementor-widget-container\">\n\t\t\t\t\t\t\t<p><strong>Vila Tartini<br><\/strong>T: <a href=\"tel:0038642601000\" target=\"_blank\" rel=\"noopener\">00 386 (0)4 260 10 00<\/a><br>E: <a href=\"mailto:recepcija@brdo.si\">recepcija@brdo.si<\/a><\/p>\t\t\t\t\t\t<\/div>\n\t\t\t\t<\/div>\n\t\t\t\t\t<\/div>\n\t\t<\/div>\n\t\t\t\t\t<\/div>\n\t\t<\/section>\n\t\t\t\t<section class=\"elementor-section elementor-top-section elementor-element elementor-element-3b6318c elementor-section-boxed elementor-section-height-default elementor-section-height-default\" data-id=\"3b6318c\" data-element_type=\"section\">\n\t\t\t\t\t\t<div class=\"elementor-container elementor-column-gap-default\">\n\t\t\t\t\t<div class=\"elementor-column elementor-col-100 elementor-top-column elementor-element elementor-element-35c40c7\" data-id=\"35c40c7\" data-element_type=\"column\">\n\t\t\t<div class=\"elementor-widget-wrap elementor-element-populated\">\n\t\t\t\t\t\t<div class=\"elementor-element elementor-element-b72d406 elementor-widget elementor-widget-text-editor\" data-id=\"b72d406\" data-element_type=\"widget\" data-widget_type=\"text-editor.default\">\n\t\t\t\t<div class=\"elementor-widget-container\">\n\t\t\t\t\t\t\t<div dir=\"ltr\"><div dir=\"ltr\"><p><strong> JGZ BRDO (Public Economic Institute for Protocol Services of the Republic of Slovenia)<br \/><\/strong>Predoslje 39 | 4000 Kranj | VAT ID: SI17471257<br \/><strong><br \/><\/strong><\/p><p><strong>Director<\/strong><br \/>Maja Kri\u017eman\u010di\u010d<\/p><p>____________________<\/p><p><strong>Secretariat<\/strong><br \/>T: <a href=\"tel:0038642601500\">00 386 (0)4 260 15 00<\/a><br \/>E: <a href=\"mailto:brdo@brdo.si\">brdo@brdo.si<\/a><\/p><div dir=\"ltr\"><strong>Manager of Elegans Hotel Brdo<\/strong><br \/>Tamara Lemut<\/div><div dir=\"ltr\">T: <a href=\"tel:0038642601501\">00 386 (0)4 260 14 65<\/a><\/div><div dir=\"ltr\">E: <a href=\"mailto:urska.leban@brdo.si\">tamara.lemut@brdo.si<\/a><\/div><div dir=\"ltr\">\u00a0<\/div><\/div><div dir=\"ltr\"><strong>Sales Manager<\/strong><br \/>mag. Dimitrij Piciga<\/div><div dir=\"ltr\">T: <a href=\"tel:0038642601501\">00 386 (0)4 260 15 01<\/a><\/div><div dir=\"ltr\">E: <a href=\"mailto:dimitrij.piciga@brdo.si\">dimitrij.piciga@brdo.si<\/a><\/div><div dir=\"ltr\">\u00a0<\/div><div dir=\"ltr\"><strong>Protocol Events<\/strong><\/div><div dir=\"ltr\">Viktorija Hod\u017ea Frelih<\/div><div dir=\"ltr\">T: <a href=\"tel:0038642601682\">00 386 (0)4 260 16 82<\/a><\/div><div dir=\"ltr\"><p>E: <a href=\"mailto:prodaja@brdo.si\">prodaja@brdo.si<\/a><\/p><\/div><\/div><p><strong>Business Events at Brdo<br \/><\/strong>mag. Darja Remic<br \/>T: <a href=\"tel:0038642601661\">00 386 (0)4 260 16 61<\/a><br \/>E: <a href=\"mailto:prodaja@brdo.si\">prodaja@brdo.si<\/a><\/p><p><strong>Business Events at Brdo<\/strong><br \/>Eva Kemec Kalan<br \/>T: <a href=\"tel:0038642601522\">00 386 (0)4 260 15 22<\/a><br \/>E: <a href=\"mailto:prodaja@brdo.si\">prodaja@brdo.si<\/a><\/p><p><strong>Weddings, Ceremonial Events at Brdo<\/strong><br \/>Tina Samard\u017ei\u0107 <em><br \/><\/em>T: <a href=\"tel:0038642601544\">00 386 (0)4 260 15 44<\/a><br \/>E: <a href=\"mailto:poroke@brdo.si\">poroke@brdo.si<\/a><\/p><p><strong>Business Events at Brdo<\/strong><br \/>\u017dan Rebernik<br \/>T: <a href=\"tel:0038642601522\">00 386 (0)4 260 16 00<\/a><br \/>E: <a href=\"mailto:prodaja@brdo.si\">prodaja@brdo.si<\/a><\/p><p><span style=\"font-weight: bolder;\">Business Events at Brdo<\/span><br \/>Sa\u0161a Jeraj <em><br \/><\/em>T:<a style=\"background-color: #d3d3d3;\" href=\"tel:0038642025900\"> 00 386 (0)4 260 15 99<\/a><br \/>E: <a href=\"mailto:prodaja@brdo.si\">prodaja@brdo.si<\/a><\/p><p><strong>Events at Vila Bled<\/strong><br \/>Mateja Golja<em><br \/><\/em>T:<a href=\"tel:0038645753716\"> 00 386 (0)4 575 37 16<\/a><br \/>E: <a href=\"mailto:vila-bled@brdo.si\">vila-bled@brdo.si<\/a><\/p><p><strong>Events at Vila Tartini <\/strong><br \/>T: <a href=\"tel:0038642601544\">00 386 (0)4 260 15 44 <\/a><br \/>E: <a href=\"mailto:vila-tartini@brdo.si\">vila-tartini@brdo.si <\/a><\/p><p>____________________<\/p><div dir=\"ltr\"><strong>Marketing<\/strong><br \/>Jerca Gabor<\/div><div dir=\"ltr\">T: <a href=\"tel:0038642601501\">00 386 (0)4 260 13 50<\/a><\/div><div dir=\"ltr\"><p>E: <a href=\"mailto:dimitrij.piciga@brdo.si\">marketing@brdo.si<\/a><\/p><\/div><p><strong>Procurement<br \/><\/strong>T: <a href=\"tel:0038642601659\">00 386 (0)4 260 16 59<\/a><br \/>E: <a href=\"mailto:nabava@brdo.si\">nabava@brdo.si<\/a><\/p><p><strong>Accounting<br \/><\/strong>T: <a href=\"tel:0038642601654\">00 386 (0)4 260 16 54<\/a><br \/>E: <a href=\"mailto:racunovodstvo@brdo.si\">racunovodstvo@brdo.si<\/a><\/p><p><strong>Data Protection<br \/><\/strong><strong>DATAINFO.SI, d.o.o.<br \/><\/strong>Tr\u017ea\u0161ka cesta 37c<br \/>2000 Maribor<br \/>T: 00 386 (0) 2 620 4 300<br \/>E: <a href=\"mailto:dpo@datainfo.si\">dpo@datainfo.si<\/a><br \/>W: <a href=\"http:\/\/www.datainfo.si\" target=\"_blank\" rel=\"noopener\">www.datainfo.si<\/a><\/p>\t\t\t\t\t\t<\/div>\n\t\t\t\t<\/div>\n\t\t\t\t<div class=\"elementor-element elementor-element-aacd397 elementor-widget-divider--view-line elementor-widget elementor-widget-divider\" data-id=\"aacd397\" data-element_type=\"widget\" data-widget_type=\"divider.default\">\n\t\t\t\t<div class=\"elementor-widget-container\">\n\t\t\t<style>\/*! elementor - v3.21.0 - 18-04-2024 *\/\n.elementor-widget-divider{--divider-border-style:none;--divider-border-width:1px;--divider-color:#0c0d0e;--divider-icon-size:20px;--divider-element-spacing:10px;--divider-pattern-height:24px;--divider-pattern-size:20px;--divider-pattern-url:none;--divider-pattern-repeat:repeat-x}.elementor-widget-divider .elementor-divider{display:flex}.elementor-widget-divider .elementor-divider__text{font-size:15px;line-height:1;max-width:95%}.elementor-widget-divider .elementor-divider__element{margin:0 var(--divider-element-spacing);flex-shrink:0}.elementor-widget-divider .elementor-icon{font-size:var(--divider-icon-size)}.elementor-widget-divider .elementor-divider-separator{display:flex;margin:0;direction:ltr}.elementor-widget-divider--view-line_icon .elementor-divider-separator,.elementor-widget-divider--view-line_text .elementor-divider-separator{align-items:center}.elementor-widget-divider--view-line_icon .elementor-divider-separator:after,.elementor-widget-divider--view-line_icon .elementor-divider-separator:before,.elementor-widget-divider--view-line_text .elementor-divider-separator:after,.elementor-widget-divider--view-line_text .elementor-divider-separator:before{display:block;content:\"\";border-block-end:0;flex-grow:1;border-block-start:var(--divider-border-width) var(--divider-border-style) var(--divider-color)}.elementor-widget-divider--element-align-left .elementor-divider .elementor-divider-separator>.elementor-divider__svg:first-of-type{flex-grow:0;flex-shrink:100}.elementor-widget-divider--element-align-left .elementor-divider-separator:before{content:none}.elementor-widget-divider--element-align-left .elementor-divider__element{margin-left:0}.elementor-widget-divider--element-align-right .elementor-divider .elementor-divider-separator>.elementor-divider__svg:last-of-type{flex-grow:0;flex-shrink:100}.elementor-widget-divider--element-align-right .elementor-divider-separator:after{content:none}.elementor-widget-divider--element-align-right .elementor-divider__element{margin-right:0}.elementor-widget-divider--element-align-start .elementor-divider .elementor-divider-separator>.elementor-divider__svg:first-of-type{flex-grow:0;flex-shrink:100}.elementor-widget-divider--element-align-start .elementor-divider-separator:before{content:none}.elementor-widget-divider--element-align-start .elementor-divider__element{margin-inline-start:0}.elementor-widget-divider--element-align-end .elementor-divider .elementor-divider-separator>.elementor-divider__svg:last-of-type{flex-grow:0;flex-shrink:100}.elementor-widget-divider--element-align-end .elementor-divider-separator:after{content:none}.elementor-widget-divider--element-align-end .elementor-divider__element{margin-inline-end:0}.elementor-widget-divider:not(.elementor-widget-divider--view-line_text):not(.elementor-widget-divider--view-line_icon) .elementor-divider-separator{border-block-start:var(--divider-border-width) var(--divider-border-style) var(--divider-color)}.elementor-widget-divider--separator-type-pattern{--divider-border-style:none}.elementor-widget-divider--separator-type-pattern.elementor-widget-divider--view-line .elementor-divider-separator,.elementor-widget-divider--separator-type-pattern:not(.elementor-widget-divider--view-line) .elementor-divider-separator:after,.elementor-widget-divider--separator-type-pattern:not(.elementor-widget-divider--view-line) .elementor-divider-separator:before,.elementor-widget-divider--separator-type-pattern:not([class*=elementor-widget-divider--view]) .elementor-divider-separator{width:100%;min-height:var(--divider-pattern-height);-webkit-mask-size:var(--divider-pattern-size) 100%;mask-size:var(--divider-pattern-size) 100%;-webkit-mask-repeat:var(--divider-pattern-repeat);mask-repeat:var(--divider-pattern-repeat);background-color:var(--divider-color);-webkit-mask-image:var(--divider-pattern-url);mask-image:var(--divider-pattern-url)}.elementor-widget-divider--no-spacing{--divider-pattern-size:auto}.elementor-widget-divider--bg-round{--divider-pattern-repeat:round}.rtl .elementor-widget-divider .elementor-divider__text{direction:rtl}.e-con-inner>.elementor-widget-divider,.e-con>.elementor-widget-divider{width:var(--container-widget-width,100%);--flex-grow:var(--container-widget-flex-grow)}<\/style>\t\t<div class=\"elementor-divider\">\n\t\t\t<span class=\"elementor-divider-separator\">\n\t\t\t\t\t\t<\/span>\n\t\t<\/div>\n\t\t\t\t<\/div>\n\t\t\t\t<\/div>\n\t\t\t\t\t<\/div>\n\t\t<\/div>\n\t\t\t\t\t<\/div>\n\t\t<\/section>\n\t\t\t\t<section class=\"elementor-section elementor-top-section elementor-element elementor-element-091f170 elementor-section-boxed elementor-section-height-default elementor-section-height-default\" data-id=\"091f170\" data-element_type=\"section\">\n\t\t\t\t\t\t<div class=\"elementor-container elementor-column-gap-default\">\n\t\t\t\t\t<div class=\"elementor-column elementor-col-100 elementor-top-column elementor-element elementor-element-e0b8bad\" data-id=\"e0b8bad\" data-element_type=\"column\">\n\t\t\t<div class=\"elementor-widget-wrap\">\n\t\t\t\t\t\t\t<\/div>\n\t\t<\/div>\n\t\t\t\t\t<\/div>\n\t\t<\/section>\n\t\t\t\t<\/div>\n\t\t","protected":false},"excerpt":{"rendered":"<p>CONTACTS \u2192 BRDO ESTATEPredoslje 39 | 4000 Kranj Elegans Hotel BrdoT: 00 386 (0)4 260 10 00E: recepcija@brdo.si Wellness ElegansT: 00 386 (0)4 260 14 71E: wellness@brdo.si RestaurantT: 00 386 (0)4 260 14 68E: aida.kadic@brdo.si Brdo Park and ExperiencesT: 00 386 (0)4 260 12 00E: park@brdo.si Congress CentreT: 00 386 (0)4 260 16 61E: prodaja@brdo.si [&hellip;]<\/p>\n","protected":false},"author":1,"featured_media":0,"parent":0,"menu_order":205,"comment_status":"closed","ping_status":"closed","template":"","meta":{"uix_meta_title":"","uix_meta_description":"","uix_canonical_url":"","footnotes":""},"_links":{"self":[{"href":"https:\/\/brdo.si\/en\/wp-json\/wp\/v2\/pages\/10755"}],"collection":[{"href":"https:\/\/brdo.si\/en\/wp-json\/wp\/v2\/pages"}],"about":[{"href":"https:\/\/brdo.si\/en\/wp-json\/wp\/v2\/types\/page"}],"author":[{"embeddable":true,"href":"https:\/\/brdo.si\/en\/wp-json\/wp\/v2\/users\/1"}],"replies":[{"embeddable":true,"href":"https:\/\/brdo.si\/en\/wp-json\/wp\/v2\/comments?post=10755"}],"version-history":[{"count":3,"href":"https:\/\/brdo.si\/en\/wp-json\/wp\/v2\/pages\/10755\/revisions"}],"predecessor-version":[{"id":43109,"href":"https:\/\/brdo.si\/en\/wp-json\/wp\/v2\/pages\/10755\/revisions\/43109"}],"wp:attachment":[{"href":"https:\/\/brdo.si\/en\/wp-json\/wp\/v2\/media?parent=10755"}],"curies":[{"name":"wp","href":"https:\/\/api.w.org\/{rel}","templated":true}]}}