{"id":10747,"date":"2021-07-20T18:33:23","date_gmt":"2021-07-21T12:01:06","guid":{"rendered":"https:\/\/brdo.si\/kijz\/"},"modified":"2023-07-18T08:41:32","modified_gmt":"2023-07-18T06:41:32","slug":"kijz","status":"publish","type":"page","link":"https:\/\/brdo.si\/en\/kijz\/","title":{"rendered":"Catalogue of Public Information"},"content":{"rendered":"\t\t<div data-elementor-type=\"wp-page\" data-elementor-id=\"10747\" class=\"elementor elementor-10747 elementor-4546\" data-elementor-post-type=\"page\">\n\t\t\t\t\t\t<section class=\"elementor-section elementor-top-section elementor-element elementor-element-315eec6 elementor-section-height-min-height elementor-section-boxed elementor-section-height-default elementor-section-items-middle\" data-id=\"315eec6\" data-element_type=\"section\" data-settings=\"{&quot;background_background&quot;:&quot;classic&quot;}\">\n\t\t\t\t\t\t<div class=\"elementor-container elementor-column-gap-default\">\n\t\t\t\t\t<div class=\"elementor-column elementor-col-100 elementor-top-column elementor-element elementor-element-4ad1695\" data-id=\"4ad1695\" data-element_type=\"column\">\n\t\t\t<div class=\"elementor-widget-wrap\">\n\t\t\t\t\t\t\t<\/div>\n\t\t<\/div>\n\t\t\t\t\t<\/div>\n\t\t<\/section>\n\t\t\t\t<section class=\"elementor-section elementor-top-section elementor-element elementor-element-c7bfa20 elementor-section-boxed elementor-section-height-default elementor-section-height-default\" data-id=\"c7bfa20\" data-element_type=\"section\">\n\t\t\t\t\t\t<div class=\"elementor-container elementor-column-gap-default\">\n\t\t\t\t\t<div class=\"elementor-column elementor-col-100 elementor-top-column elementor-element elementor-element-dd79d96\" data-id=\"dd79d96\" data-element_type=\"column\">\n\t\t\t<div class=\"elementor-widget-wrap elementor-element-populated\">\n\t\t\t\t\t\t<div class=\"elementor-element elementor-element-306ce70 elementor-widget elementor-widget-heading\" data-id=\"306ce70\" data-element_type=\"widget\" data-widget_type=\"heading.default\">\n\t\t\t\t<div class=\"elementor-widget-container\">\n\t\t\t<style>\/*! elementor - v3.21.0 - 18-04-2024 *\/\n.elementor-heading-title{padding:0;margin:0;line-height:1}.elementor-widget-heading .elementor-heading-title[class*=elementor-size-]>a{color:inherit;font-size:inherit;line-height:inherit}.elementor-widget-heading .elementor-heading-title.elementor-size-small{font-size:15px}.elementor-widget-heading .elementor-heading-title.elementor-size-medium{font-size:19px}.elementor-widget-heading .elementor-heading-title.elementor-size-large{font-size:29px}.elementor-widget-heading .elementor-heading-title.elementor-size-xl{font-size:39px}.elementor-widget-heading .elementor-heading-title.elementor-size-xxl{font-size:59px}<\/style><h2 class=\"elementor-heading-title elementor-size-default\">KIJZ<\/h2>\t\t<\/div>\n\t\t\t\t<\/div>\n\t\t\t\t<div class=\"elementor-element elementor-element-1b57995 elementor-widget elementor-widget-text-editor\" data-id=\"1b57995\" data-element_type=\"widget\" data-widget_type=\"text-editor.default\">\n\t\t\t\t<div class=\"elementor-widget-container\">\n\t\t\t<style>\/*! elementor - v3.21.0 - 18-04-2024 *\/\n.elementor-widget-text-editor.elementor-drop-cap-view-stacked .elementor-drop-cap{background-color:#69727d;color:#fff}.elementor-widget-text-editor.elementor-drop-cap-view-framed .elementor-drop-cap{color:#69727d;border:3px solid;background-color:transparent}.elementor-widget-text-editor:not(.elementor-drop-cap-view-default) .elementor-drop-cap{margin-top:8px}.elementor-widget-text-editor:not(.elementor-drop-cap-view-default) .elementor-drop-cap-letter{width:1em;height:1em}.elementor-widget-text-editor .elementor-drop-cap{float:left;text-align:center;line-height:1;font-size:50px}.elementor-widget-text-editor .elementor-drop-cap-letter{display:inline-block}<\/style>\t\t\t\t<fieldset class=\"collapsible group-kijz-label-1 field-group-htab form-wrapper\">\n<legend><strong><span class=\"fieldset-legend\">1. Osnovni podatki o katalogu<\/span><\/strong><\/legend>\n<div class=\"fieldset-wrapper\">\n<div class=\"field field-name-field-kijz-company-name field-type-text-long field-label-above\">\n<div class=\"field-label\" style=\"text-align: left;\">Naziv zavoda:<\/div>\n<div class=\"field-items\" style=\"text-align: left;\">\n<div class=\"field-item even\">\n<p><strong>Javni gospodarski zavod Protokolarne storitve Republike Slovenije<\/strong><\/p>\n<p><strong>Predoslje 39<br><\/strong><strong>SI &#8211; 4000 Kranj<\/strong><\/p>\n<p>mati\u010dna \u0161tevilka:<strong> 1685953<\/strong><\/p>\n<p>dav\u010dna \u0161tevilka:<strong>&nbsp;SI17471257<\/strong><\/p>\n<\/div>\n<\/div>\n<\/div>\n<div class=\"field field-name-field-kijz-person-in-charge field-type-text field-label-above\" style=\"text-align: left;\">\n<div class=\"field-label\">Odgovorna oseba:<\/div>\n<div class=\"field-items\">\n<div class=\"field-item even\"><strong>Maja Kri\u017eman\u010di\u010d, direktorica<\/strong><\/div>\n<div>&nbsp;<\/div>\n<\/div>\n<\/div>\n<div style=\"text-align: left;\"><strong>DATUM PRVE OBJAVE KATALOGA:<\/strong><\/div>\n<div style=\"text-align: left;\"><span class=\"date-display-single\">22. dec. 2004<\/span><\/div>\n<div>&nbsp;<\/div>\n<p style=\"text-align: left;\"><span class=\"date-display-single\"><strong>DATUM PRVE OBJAVE KATALOGA:<br><\/strong><\/span>14. apr. 2020<\/p>\n<div class=\"field field-name-field-other-catalogue field-type-text field-label-above\">\n<div class=\"field-label\" style=\"text-align: left;\">Druge oblike kataloga:<\/div>\n<div class=\"field-items\">\n<div class=\"field-item even\" style=\"text-align: left;\">Tiskana oblika je dostopna na sede\u017eu zavoda.<\/div>\n<\/div>\n<\/div>\n<\/div>\n<\/fieldset>\n<fieldset class=\"collapsible group-kijz-label-2 field-group-htab form-wrapper\">\n<legend><strong><span class=\"fieldset-legend\"><br>2. Splo\u0161ni podatki o dru\u017ebi in informacijah javnega zna\u010daja s katerimi razpolaga<\/span><\/strong><\/legend>\n<div class=\"fieldset-wrapper\">\n<fieldset class=\"collapsible group-kijz-label-2a field-group-htab form-wrapper\">\n<legend><strong><span class=\"fieldset-legend\">2.a Organigram in podatki o organizaciji dru\u017ebe<\/span><\/strong><\/legend>\n<div class=\"fieldset-wrapper\">\n<div class=\"field field-name-field-kijz-company-info field-type-text-long field-label-above\">\n<div class=\"field-label\">Kratek opis delovnega podro\u010dja zavoda:<\/div>\n<div class=\"field-items\">\n<div class=\"field-item even\">\n<p>Zavod opravlja dejavnosti, ki so dolo\u010dene v 5. \u010dlenu Odloka o ustanovitvi Javnega gospodarskega zavoda Protokolarne storitve Republike Slovenije (Uradni list RS, \u0161t. 54\/12). Zavod v okviru registrirane dejavnosti kot gospodarsko javno slu\u017ebo opravlja strokovne, tehni\u010dne in druge naloge, vezane na upravljanje stvarnega premo\u017eenja v lasti ustanoviteljice, ki je bilo s sklepom Vlade Republike Slovenije preneseno v upravljanje zavoda ter druge naloge, ki omogo\u010dajo njegovo smotrno in gospodarno rabo in razvoj, opravlja protokolarne storitve skladno s sklepom o dolo\u010ditvi protokolarnih pravil in organizira druge dogodke za dr\u017eavne organe. Zavod lahko opravlja tudi tr\u017eno dejavnost.<\/p>\n<\/div>\n<\/div>\n<\/div>\n<\/div>\n<\/fieldset>\n<fieldset class=\"collapsible group-kijz-label-2b field-group-htab form-wrapper\">\n<legend><strong><span class=\"fieldset-legend\"><br>2.b Kontaktni podatki uradne osebe (oseb), pristojnih za posredovanje informacij<\/span><\/strong><\/legend>\n<div class=\"fieldset-wrapper\">\n<div class=\"field field-name-field-kijz-contact-info-person field-type-text-long field-label-above\">\n<div class=\"field-label\">Kontaktni podatki uradne osebe:<\/div>\n<div class=\"field-items\">\n<div class=\"field-item even\">\n<p>Maja Kri\u017eman\u010di\u010d, direktorica<\/p>\n<p>Telefon: 00 386 (0)4 26 01 500<\/p>\n<p>Faks: 00 386 (0)4 26 01 100<\/p>\n<p>Naslov:&nbsp;Predoslje 39, 4000 Kranj<\/p>\n<p>E-naslov:&nbsp;<a href=\"mailto:brdo@brdo.si\">brdo@brdo.si<\/a><\/p>\n<\/div>\n<\/div>\n<\/div>\n<\/div>\n<\/fieldset>\n<fieldset class=\"collapsible group-kijz-label-2c field-group-htab form-wrapper\">\n<legend><strong><span class=\"fieldset-legend\"><br>2.c Seznam zakonov, podzakonskih aktov in predpisov Evropskih skupnosti z delovnega podro\u010dja dru\u017ebe<\/span><\/strong><\/legend>\n<div class=\"fieldset-wrapper\">\n<div class=\"field field-name-field-kijz-country-law field-type-text-long field-label-above\">\n<div class=\"field-label\">Dr\u017eavni predpisi:<\/div>\n<div class=\"field-items\">\n<div class=\"field-item even\">\n<p><a href=\"https:\/\/www.brdo.si\/sites\/www.brdonew.si\/files\/files\/uploads\/activity\/Odlok%20o%20ustanovitvi%20zavoda%20JGZ%20Brdo_UL%202020.pdf\" target=\"_blank\" rel=\"noopener\"><strong>Odlok o ustanovitvi Javnega gospodarskega zavoda Protokolarne storitve Republike Slovenije<\/strong><\/a><\/p>\n<p><a href=\"https:\/\/www.brdo.si\/sites\/www.brdonew.si\/files\/files\/uploads\/activity\/2008-01-0771%20Odlok%20o%20razglasitvi%20posestva%20gradu%20Brdo%20pri%20Kranju%20za%20kulturni%20spomenik%20dr%C5%BEavnega%20pomena.pdf\" target=\"_blank\" rel=\"noopener\"><strong>Odlok o razglasitvi posestva Brdo pri Kranju za kulturni spomenik dr\u017eavnega pomena<\/strong><\/a><\/p>\n<p><a href=\"https:\/\/www.brdo.si\/sites\/www.brdonew.si\/files\/upload\/odlok_o_razglasitvi_gradu_strmol_za_kulturni_spomenik.pdf\" target=\"_blank\" rel=\"noopener\"><strong>Odlok o razglasitvi gradu Strmol&nbsp;za kulturni spomenik dr\u017eavnega pomena<\/strong><\/a><\/p>\n<p><a href=\"https:\/\/www.brdo.si\/sites\/www.brdonew.si\/files\/upload\/uredba_o_razglasitvi_gozdov.pdf\" target=\"_blank\" rel=\"noopener\"><strong>Uredba o razglasitvi gozdov Brda za gozdove s posebnim namenom<\/strong><\/a><\/p>\n<p><a href=\"https:\/\/www.brdo.si\/sites\/www.brdonew.si\/files\/upload\/uredba_o_ustanovitvi_lovisca.pdf\" target=\"_blank\" rel=\"noopener\"><strong>Uredba o ustanovitvi lovi\u0161\u010da s posebnim namenom Brdo pri Kranju<\/strong><\/a><\/p>\n<p><a href=\"https:\/\/www.brdo.si\/sites\/www.brdonew.si\/files\/upload\/uredba_o_posebnih_varstvenih_obmocjih.pdf\" target=\"_blank\" rel=\"noopener\"><strong>Uredba o posebnih varstvenih obmo\u010djih (obmo\u010djih Natura 2000)<\/strong><\/a><\/p>\n<p><a href=\"https:\/\/www.brdo.si\/sites\/www.brdonew.si\/files\/upload\/priloga1_uredbe_o_posebnih_varstvenih_obmocjih.pdf\" target=\"_blank\" rel=\"noopener\"><strong>Priloga 1 Uredbe o posebnih varstvenih obmo\u010djih (obmo\u010djih Natura 2000)<\/strong><\/a><\/p>\n<p><a href=\"https:\/\/www.brdo.si\/sites\/www.brdonew.si\/files\/upload\/priloga2_uredbe_o_posebnih_varstvenih_obmocjih.pdf\" target=\"_blank\" rel=\"noopener\"><strong>Priloga 2 Uredbe o posebnih varstvenih obmo\u010djih (obmo\u010djih Natura 2000)<\/strong><\/a><\/p>\n<p><a href=\"https:\/\/www.brdo.si\/sites\/www.brdonew.si\/files\/upload\/priloga3_uredbe_o_posebnih_varstvenih_obmocjih.pdf\" target=\"_blank\" rel=\"noopener\"><strong>Priloga 3 Uredbe o posebnih varstvenih obmo\u010djih (obmo\u010djih Natura 2000)<\/strong><\/a><\/p>\n<p><a href=\"https:\/\/www.brdo.si\/sites\/www.brdonew.si\/files\/upload\/priloga_2_poglavje_2_potencialna_obmocja_natura2000.pdf\" target=\"_blank\" rel=\"noopener\"><strong>Priloga 2 Poglavje 2 Potencialna obmo\u010dja Natura 2000<\/strong><\/a><\/p>\n<p><a href=\"https:\/\/www.brdo.si\/sites\/www.brdonew.si\/files\/upload\/pravilnik_o_dolocitvi_varstvu_naravnih_vrednot.pdf\" target=\"_blank\" rel=\"noopener\"><strong>Pravilnik o dolo\u010ditvi in varstvu naravnih vrednot<\/strong><\/a><\/p>\n<p><a href=\"https:\/\/www.brdo.si\/sites\/www.brdonew.si\/files\/upload\/priloga_1_pravilnika_o_dolocitvi_varstvu_naravnih_vrednot.pdf\" target=\"_blank\" rel=\"noopener\"><strong>Priloga 1 Pravilnika o dolo\u010ditvi in varstvu naravnih vrednot<\/strong><\/a><\/p>\n<p><a href=\"https:\/\/www.brdo.si\/sites\/www.brdonew.si\/files\/upload\/priloga2_pravilnika_o_dolocitvi_varstvu_naravnih_vrednot.pdf\" target=\"_blank\" rel=\"noopener\"><strong>Priloga 2 Pravilnika o dolo\u010ditvi in varstvu naravnih vrednot<\/strong><\/a><\/p>\n<p><a href=\"https:\/\/www.brdo.si\/sites\/www.brdonew.si\/files\/upload\/priloga3_pravilnika_o_dolocitvi_varstvu_naravnih_vrednot.pdf\" target=\"_blank\" rel=\"noopener\"><strong>Priloga 3 Pravilnika o dolo\u010ditvi in varstvu naravnih vrednot<\/strong><\/a><\/p>\n<p><a href=\"https:\/\/www.brdo.si\/sites\/www.brdonew.si\/files\/upload\/priloga4_pravilnika_o_dolocitvi_varstvu_naravnih_vrednot.pdf\" target=\"_blank\" rel=\"noopener\"><strong>Priloga 4 Pravilnika o dolo\u010ditvi in varstvu naravnih vrednot<\/strong><\/a><\/p>\n<\/div>\n<\/div>\n<\/div>\n<\/div>\n<\/fieldset>\n<fieldset class=\"collapsible group-kijz-label-2e field-group-htab form-wrapper\">\n<legend><strong><span class=\"fieldset-legend\"><br>2.e Seznam strate\u0161kih in programskih dokumentov po vsebinskih sklopih<\/span><\/strong><\/legend>\n<div class=\"fieldset-wrapper\">\n<div class=\"field field-name-field-kijz-strategic-docs field-type-text-long field-label-above\">\n<div class=\"field-label\"><strong>Seznam strate\u0161kih in programskih dokumentov:<\/strong><\/div>\n<div class=\"field-items\">\n<div class=\"field-item even\">\n<p>Trenutno ni objavljenih dokumentov.<\/p>\n<\/div>\n<\/div>\n<\/div>\n<\/div>\n<\/fieldset>\n<fieldset class=\"collapsible group-kijz-label-2f field-group-htab form-wrapper\">\n<legend><strong><span class=\"fieldset-legend\"><br>2.f Seznam vrst upravnih, sodnih ali zakonodajnih postopkov<\/span><\/strong><\/legend>\n<div class=\"fieldset-wrapper\">\n<div class=\"field field-name-field-kijz-procedures-list field-type-text-long field-label-above\">\n<div class=\"field-label\">Vrste postopkov, ki jih vodi zavod:<\/div>\n<div class=\"field-items\">\n<div class=\"field-item even\">\n<p>Zavod ne vodi upravnih, sodnih ali zakonodajnih postopkov.<\/p>\n<\/div>\n<\/div>\n<\/div>\n<\/div>\n<\/fieldset>\n<fieldset class=\"collapsible group-kijz-label-2g field-group-htab form-wrapper\">\n<legend><strong><span class=\"fieldset-legend\"><br>2.g Seznam drugih informatiziranih zbirk podatkov<\/span><\/strong><\/legend>\n<div class=\"fieldset-wrapper\">\n<div class=\"field field-name-field-kijz-list-others field-type-text-long field-label-above\">\n<div class=\"field-label\">Seznam zbirk:<\/div>\n<div class=\"field-items\">\n<div class=\"field-item even\">\n<p>Zavod nima drugih informatiziranih zbirk podatkov.<\/p>\n<\/div>\n<\/div>\n<\/div>\n<\/div>\n<\/fieldset>\n<fieldset class=\"collapsible group-kijz-label-2h field-group-htab form-wrapper\">\n<legend><strong><span class=\"fieldset-legend\"><br>2.h Seznam javnih evidenc, s katerimi organ upravlja<\/span><\/strong><\/legend>\n<div class=\"fieldset-wrapper\">\n<div class=\"field field-name-field-kijz-public-list field-type-text-long field-label-above\">\n<div class=\"field-label\">Seznam evidenc:<\/div>\n<div class=\"field-items\">\n<div class=\"field-item even\">\n<p>Zavod ne vodi ali upravlja javnih evidenc.<\/p>\n<\/div>\n<\/div>\n<\/div>\n<\/div>\n<\/fieldset>\n<fieldset class=\"collapsible group-kijz-label-2i field-group-htab form-wrapper\">\n<legend><strong><span class=\"fieldset-legend\"><br>2.i Seznam drugih informatiziranih zbirk podatkov<\/span><\/strong><\/legend>\n<div class=\"fieldset-wrapper\">\n<div class=\"field field-name-field-kijz-collection-list field-type-text-long field-label-above\">\n<div class=\"field-label\">Seznam zbirk:<\/div>\n<div class=\"field-items\">\n<div class=\"field-item even\">\n<p>Zavod nima drugih informatiziranih zbirk podatkov.<\/p>\n<\/div>\n<\/div>\n<\/div>\n<\/div>\n<\/fieldset>\n<fieldset class=\"collapsible group-kijz-label-2j field-group-htab form-wrapper\">\n<legend><strong><span class=\"fieldset-legend\"><br>2.j Najpomembnej\u0161i vsebinski sklopi drugih informacij javnega zna\u010daja oziroma seznam posameznih dokumentov<\/span><\/strong><\/legend>\n<div class=\"fieldset-wrapper\">\n<div class=\"field field-name-field-kijz-important-content field-type-text-long field-label-above\">\n<div class=\"field-label\">Seznam posameznih dokumentov:<\/div>\n<div class=\"field-items\">\n<div class=\"field-item even\">\n<p><strong><a href=\"https:\/\/www.brdo.si\/sites\/www.brdonew.si\/files\/upload\/odlok_o_ustanovitvi_jgz_brdo_2012.pdf\" target=\"_blank\" rel=\"noopener\">Odlok o ustanovitvi Javnega gospodarskega zavoda Protokolarne storitve Republike Slovenije<\/a><\/strong><\/p>\n<p><strong><a href=\"https:\/\/www.brdo.si\/sites\/www.brdonew.si\/files\/upload\/statut_jgz_brdo_2012.pdf\" target=\"_blank\" rel=\"noopener\">Statut Javnega gospodarskega zavoda Protokolarne storitve Republike Slovenije<\/a><\/strong><\/p>\n<p><strong><a href=\"https:\/\/www.brdo.si\/sites\/www.brdonew.si\/files\/files\/uploads\/activity\/031-1-2019%3B%20Poslovnik%20Upravnega%20odbora%20JGZ%20Brdo%20lr.pdf\" target=\"_blank\" rel=\"noopener\">Poslovnik Upravnega odbora Javnega gospodarskega zavoda Protokolarne Storitve Republike Slovenije<\/a><\/strong><\/p>\n<\/div>\n<\/div>\n<\/div>\n<\/div>\n<\/fieldset>\n<\/div>\n<\/fieldset>\n<fieldset class=\"collapsible group-kijz-label-3 field-group-htab form-wrapper\">\n<legend><strong><span class=\"fieldset-legend\"><br>3. Opis na\u010dina dostopa do posameznih sklopov informacij<\/span><\/strong><\/legend>\n<div class=\"fieldset-wrapper\">\n<div class=\"field field-name-field-kijz-access-type field-type-text-long field-label-above\">\n<div class=\"field-label\"><strong>Opis dostopa do posameznih sklopov informacij:&nbsp;<\/strong><\/div>\n<div class=\"field-items\">\n<div class=\"field-item even\">\n<p>Zahteva za dostop do informacij javnega zna\u010daja se poda ustno ali pisno po postopku dolo\u010denem od 14. do 26. \u010dlena&nbsp;Zakona o dostopu do informacij javnega zna\u010daja.<\/p>\n<p>V fizi\u010dni obliki so informacije javnega zna\u010daja dostopne v prostorih zavoda po predhodni najavi.<\/p>\n<p>Fizi\u010dni dostop je mo\u017een v pisarni vodstva, Predoslje 39, Kranj vsak dan od ponedeljka do petka med 9. in 15. uro.<\/p>\n<p><a href=\"http:\/\/www.uradni-list.si\/1\/objava.jsp?urlid=200440&amp;stevilka=1668\" target=\"_blank\" rel=\"noopener\"><strong>Uredba o vi\u0161ini stro\u0161kov posredovanja informacij javnega zna\u010daja<\/strong><\/a><\/p>\n<\/div>\n<\/div>\n<\/div>\n<\/div>\n<\/fieldset>\n<fieldset class=\"collapsible group-kijz-label-3 field-group-htab form-wrapper\">\n<legend><strong><span class=\"fieldset-legend\"><br>4. Projekt za razpis Prenova Hotela Brdo z upo\u0161tevanjem okoljskih vidikov<\/span><\/strong><\/legend>\n<div class=\"fieldset-wrapper\">\n<div class=\"field field-name-field-kijz-access-type field-type-text-long field-label-above\">\n<div class=\"field-label\">Dokumentacija je dostopna na:<\/div>\n<div class=\"field-items\">\n<div class=\"field-item even\">\n<p><a href=\"https:\/\/brdo.si\/dokumenti\/PZR_hotel_brdo.zip\" rel=\"nofollow\" data-wplink-edit=\"true\"><strong>Dokumentacija razpisa<\/strong><\/a><\/p>\n<\/div>\n<\/div>\n<\/div>\n<\/div>\n<\/fieldset>\t\t\t\t\t\t<\/div>\n\t\t\t\t<\/div>\n\t\t\t\t\t<\/div>\n\t\t<\/div>\n\t\t\t\t\t<\/div>\n\t\t<\/section>\n\t\t\t\t<\/div>\n\t\t","protected":false},"excerpt":{"rendered":"<p>KIJZ 1. Osnovni podatki o katalogu Naziv zavoda: Javni gospodarski zavod Protokolarne storitve Republike Slovenije Predoslje 39 SI &#8211; 4000 Kranj mati\u010dna \u0161tevilka: 1685953 dav\u010dna \u0161tevilka:\u00a0SI17471257 Odgovorna oseba: Maja Kri\u017eman\u010di\u010d, direktorica DATUM PRVE OBJAVE KATALOGA: 22. dec. 2004 DATUM PRVE OBJAVE KATALOGA: 14. apr. 2020 Druge oblike kataloga: Tiskana oblika je dostopna na sede\u017eu zavoda. [&hellip;]<\/p>\n","protected":false},"author":1,"featured_media":261,"parent":0,"menu_order":223,"comment_status":"closed","ping_status":"closed","template":"","meta":{"uix_meta_title":"","uix_meta_description":"","uix_canonical_url":"","footnotes":""},"_links":{"self":[{"href":"https:\/\/brdo.si\/en\/wp-json\/wp\/v2\/pages\/10747"}],"collection":[{"href":"https:\/\/brdo.si\/en\/wp-json\/wp\/v2\/pages"}],"about":[{"href":"https:\/\/brdo.si\/en\/wp-json\/wp\/v2\/types\/page"}],"author":[{"embeddable":true,"href":"https:\/\/brdo.si\/en\/wp-json\/wp\/v2\/users\/1"}],"replies":[{"embeddable":true,"href":"https:\/\/brdo.si\/en\/wp-json\/wp\/v2\/comments?post=10747"}],"version-history":[{"count":0,"href":"https:\/\/brdo.si\/en\/wp-json\/wp\/v2\/pages\/10747\/revisions"}],"wp:featuredmedia":[{"embeddable":true,"href":"https:\/\/brdo.si\/en\/wp-json\/wp\/v2\/media\/261"}],"wp:attachment":[{"href":"https:\/\/brdo.si\/en\/wp-json\/wp\/v2\/media?parent=10747"}],"curies":[{"name":"wp","href":"https:\/\/api.w.org\/{rel}","templated":true}]}}