{"id":10745,"date":"2021-07-20T18:33:23","date_gmt":"2021-07-21T11:52:43","guid":{"rendered":"https:\/\/brdo.si\/zaposlitev\/"},"modified":"2025-06-02T21:48:39","modified_gmt":"2025-06-02T19:48:39","slug":"zaposlitev","status":"publish","type":"page","link":"https:\/\/brdo.si\/en\/zaposlitev\/","title":{"rendered":"Job Opportunities"},"content":{"rendered":"\t\t<div data-elementor-type=\"wp-page\" data-elementor-id=\"10745\" class=\"elementor elementor-10745 elementor-4538\" data-elementor-post-type=\"page\">\n\t\t\t\t\t\t<section class=\"elementor-section elementor-top-section elementor-element elementor-element-97781fc elementor-section-height-min-height elementor-section-boxed elementor-section-height-default elementor-section-items-middle\" data-id=\"97781fc\" data-element_type=\"section\" data-settings=\"{&quot;background_background&quot;:&quot;classic&quot;}\">\n\t\t\t\t\t\t<div class=\"elementor-container elementor-column-gap-default\">\n\t\t\t\t\t<div class=\"elementor-column elementor-col-100 elementor-top-column elementor-element elementor-element-f77f9b3\" data-id=\"f77f9b3\" data-element_type=\"column\">\n\t\t\t<div class=\"elementor-widget-wrap elementor-element-populated\">\n\t\t\t\t\t\t\t<\/div>\n\t\t<\/div>\n\t\t\t\t\t<\/div>\n\t\t<\/section>\n\t\t\t\t<section class=\"elementor-section elementor-top-section elementor-element elementor-element-617b107 elementor-section-boxed elementor-section-height-default elementor-section-height-default\" data-id=\"617b107\" data-element_type=\"section\">\n\t\t\t\t\t\t<div class=\"elementor-container elementor-column-gap-default\">\n\t\t\t\t\t<div class=\"elementor-column elementor-col-100 elementor-top-column elementor-element elementor-element-1e069e0\" data-id=\"1e069e0\" data-element_type=\"column\">\n\t\t\t<div class=\"elementor-widget-wrap elementor-element-populated\">\n\t\t\t\t\t\t<div class=\"elementor-element elementor-element-e2f8d15 elementor-widget elementor-widget-spacer\" data-id=\"e2f8d15\" data-element_type=\"widget\" data-widget_type=\"spacer.default\">\n\t\t\t\t<div class=\"elementor-widget-container\">\n\t\t\t<style>\/*! elementor - v3.21.0 - 18-04-2024 *\/\n.elementor-column .elementor-spacer-inner{height:var(--spacer-size)}.e-con{--container-widget-width:100%}.e-con-inner>.elementor-widget-spacer,.e-con>.elementor-widget-spacer{width:var(--container-widget-width,var(--spacer-size));--align-self:var(--container-widget-align-self,initial);--flex-shrink:0}.e-con-inner>.elementor-widget-spacer>.elementor-widget-container,.e-con>.elementor-widget-spacer>.elementor-widget-container{height:100%;width:100%}.e-con-inner>.elementor-widget-spacer>.elementor-widget-container>.elementor-spacer,.e-con>.elementor-widget-spacer>.elementor-widget-container>.elementor-spacer{height:100%}.e-con-inner>.elementor-widget-spacer>.elementor-widget-container>.elementor-spacer>.elementor-spacer-inner,.e-con>.elementor-widget-spacer>.elementor-widget-container>.elementor-spacer>.elementor-spacer-inner{height:var(--container-widget-height,var(--spacer-size))}.e-con-inner>.elementor-widget-spacer.elementor-widget-empty,.e-con>.elementor-widget-spacer.elementor-widget-empty{position:relative;min-height:22px;min-width:22px}.e-con-inner>.elementor-widget-spacer.elementor-widget-empty .elementor-widget-empty-icon,.e-con>.elementor-widget-spacer.elementor-widget-empty .elementor-widget-empty-icon{position:absolute;top:0;bottom:0;left:0;right:0;margin:auto;padding:0;width:22px;height:22px}<\/style>\t\t<div class=\"elementor-spacer\">\n\t\t\t<div class=\"elementor-spacer-inner\"><\/div>\n\t\t<\/div>\n\t\t\t\t<\/div>\n\t\t\t\t<\/div>\n\t\t\t\t\t<\/div>\n\t\t<\/div>\n\t\t\t\t\t<\/div>\n\t\t<\/section>\n\t\t\t\t<section class=\"elementor-section elementor-top-section elementor-element elementor-element-1ce7786 elementor-section-boxed elementor-section-height-default elementor-section-height-default\" data-id=\"1ce7786\" data-element_type=\"section\">\n\t\t\t\t\t\t<div class=\"elementor-container elementor-column-gap-default\">\n\t\t\t\t\t<div class=\"elementor-column elementor-col-100 elementor-top-column elementor-element elementor-element-0323780\" data-id=\"0323780\" data-element_type=\"column\">\n\t\t\t<div class=\"elementor-widget-wrap elementor-element-populated\">\n\t\t\t\t\t\t<div class=\"elementor-element elementor-element-96b6982 elementor-widget elementor-widget-text-editor\" data-id=\"96b6982\" data-element_type=\"widget\" data-widget_type=\"text-editor.default\">\n\t\t\t\t<div class=\"elementor-widget-container\">\n\t\t\t<style>\/*! elementor - v3.21.0 - 18-04-2024 *\/\n.elementor-widget-text-editor.elementor-drop-cap-view-stacked .elementor-drop-cap{background-color:#69727d;color:#fff}.elementor-widget-text-editor.elementor-drop-cap-view-framed .elementor-drop-cap{color:#69727d;border:3px solid;background-color:transparent}.elementor-widget-text-editor:not(.elementor-drop-cap-view-default) .elementor-drop-cap{margin-top:8px}.elementor-widget-text-editor:not(.elementor-drop-cap-view-default) .elementor-drop-cap-letter{width:1em;height:1em}.elementor-widget-text-editor .elementor-drop-cap{float:left;text-align:center;line-height:1;font-size:50px}.elementor-widget-text-editor .elementor-drop-cap-letter{display:inline-block}<\/style>\t\t\t\t<p><strong>PRILO\u017dNOST ZA ZAPOSLITEV<\/strong><\/p>\t\t\t\t\t\t<\/div>\n\t\t\t\t<\/div>\n\t\t\t\t<div class=\"elementor-element elementor-element-58ed6ba elementor-widget elementor-widget-button\" data-id=\"58ed6ba\" data-element_type=\"widget\" data-widget_type=\"button.default\">\n\t\t\t\t<div class=\"elementor-widget-container\">\n\t\t\t\t\t<div class=\"elementor-button-wrapper\">\n\t\t\t<a class=\"elementor-button elementor-button-link elementor-size-sm\" href=\"https:\/\/brdo.si\/en\/razpisi\/\">\n\t\t\t\t\t\t<span class=\"elementor-button-content-wrapper\">\n\t\t\t\t\t\t\t\t\t<span class=\"elementor-button-text\">AKTUALNI RAZPISI<\/span>\n\t\t\t\t\t<\/span>\n\t\t\t\t\t<\/a>\n\t\t<\/div>\n\t\t\t\t<\/div>\n\t\t\t\t<\/div>\n\t\t\t\t<div class=\"elementor-element elementor-element-643212e elementor-widget elementor-widget-text-editor\" data-id=\"643212e\" data-element_type=\"widget\" data-widget_type=\"text-editor.default\">\n\t\t\t\t<div class=\"elementor-widget-container\">\n\t\t\t\t\t\t\t<p>Pridru\u017eite se ekipi, usposobljeni za izvajanje protokolarnih in tr\u017enih storitev na najvi\u0161ji ravni. Imate izku\u0161nje v kuhinji, stre\u017ebi in hotelirstvu, ste se pripravljeni nenehno izpopolnjevati\u00a0in vam pestra dinamika dela ne predstavlja ovire, ampak izziv?<\/p><p><strong>Ne odla\u0161ajte in po\u0161ljite svoj\u00a0\u017eivljenjepis\u00a0po elektronski po\u0161ti:<\/strong><\/p>\t\t\t\t\t\t<\/div>\n\t\t\t\t<\/div>\n\t\t\t\t<div class=\"elementor-element elementor-element-63f850a elementor-widget elementor-widget-button\" data-id=\"63f850a\" data-element_type=\"widget\" data-widget_type=\"button.default\">\n\t\t\t\t<div class=\"elementor-widget-container\">\n\t\t\t\t\t<div class=\"elementor-button-wrapper\">\n\t\t\t<a class=\"elementor-button elementor-button-link elementor-size-sm\" href=\"mailto:kadri@brdo.si\">\n\t\t\t\t\t\t<span class=\"elementor-button-content-wrapper\">\n\t\t\t\t\t\t\t\t\t<span class=\"elementor-button-text\">pi\u0161ite nam<\/span>\n\t\t\t\t\t<\/span>\n\t\t\t\t\t<\/a>\n\t\t<\/div>\n\t\t\t\t<\/div>\n\t\t\t\t<\/div>\n\t\t\t\t<div class=\"elementor-element elementor-element-483b420 elementor-widget elementor-widget-text-editor\" data-id=\"483b420\" data-element_type=\"widget\" data-widget_type=\"text-editor.default\">\n\t\t\t\t<div class=\"elementor-widget-container\">\n\t\t\t\t\t\t\t<p>AKTUALNI<strong> RAZPISI<\/strong><\/p>\t\t\t\t\t\t<\/div>\n\t\t\t\t<\/div>\n\t\t\t\t<div class=\"elementor-element elementor-element-aacdd8e elementor-widget elementor-widget-text-editor\" data-id=\"aacdd8e\" data-element_type=\"widget\" data-widget_type=\"text-editor.default\">\n\t\t\t\t<div class=\"elementor-widget-container\">\n\t\t\t\t\t\t\t<p><strong>PRILO\u017dNOST ZA \u0160TUDENTSKO DELO<\/strong><\/p>\t\t\t\t\t\t<\/div>\n\t\t\t\t<\/div>\n\t\t\t\t<div class=\"elementor-element elementor-element-3156efe elementor-widget elementor-widget-text-editor\" data-id=\"3156efe\" data-element_type=\"widget\" data-widget_type=\"text-editor.default\">\n\t\t\t\t<div class=\"elementor-widget-container\">\n\t\t\t\t\t\t\t<p><strong>I\u0161\u010demo \u0161tudente in dijake\u00a0za\u00a0po\u010ditni\u0161ko delo in\u00a0\u0161tudentsko delo\u00a0na podro\u010djih kuhinje, stre\u017ebe in hotelirstva.<\/strong><\/p><p>Pridru\u017ei se vrhunskemu timu in pridobi:<\/p><p>\u2192 profesionalno delovno okolje na presti\u017eni lokaciji,<br \/>\u2192 mentorstvo in uvajanja v delo,<br \/>\u2192 izku\u0161eno ekipo sodelavcev, od katere se lahko veliko nau\u010di\u0161,<br \/>\u2192 delo in pridobivanje izku\u0161enj na pomembnih poslovnih in protokolarnih dogodkih,<br \/>\u2192 mo\u017enost \u0161tipendiranja,<br \/>\u2192 mo\u017enost kasnej\u0161e zaposlitve,<br \/>\u2192 odli\u010dno referenco.<\/p>\t\t\t\t\t\t<\/div>\n\t\t\t\t<\/div>\n\t\t\t\t<div class=\"elementor-element elementor-element-c74984e elementor-widget elementor-widget-text-editor\" data-id=\"c74984e\" data-element_type=\"widget\" data-widget_type=\"text-editor.default\">\n\t\t\t\t<div class=\"elementor-widget-container\">\n\t\t\t\t\t\t\t<p><strong>RAZVOJ TALENTOV<\/strong><\/p>\t\t\t\t\t\t<\/div>\n\t\t\t\t<\/div>\n\t\t\t\t<div class=\"elementor-element elementor-element-358c7a6 elementor-widget elementor-widget-text-editor\" data-id=\"358c7a6\" data-element_type=\"widget\" data-widget_type=\"text-editor.default\">\n\t\t\t\t<div class=\"elementor-widget-container\">\n\t\t\t\t\t\t\t<p>Na Brdu\u00a0verjamemo v vzgojo in razvoj mladih talentov, zato so njihovo zgodnje odkrivanje, gradnja kulture nenehnega u\u010denja in razvoja na\u0161a glavna usmeritev.<\/p><p><strong>Pridru\u017ei se na\u0161emu vrhunskemu timu!<\/strong><\/p><p>Delujemo na kar\u00a0\u0161tirih presti\u017enih lokacijah:<\/p><ul><li>Na Posestvu Brdo pri Kranju (Elegans hotel Brdo, Kongresni center Brdo, Grad Brdo, Kavarna Zois, Park Brdo, Golf Brdo),<\/li><li>na Bledu (Vila Bled, Vila Zlatorog, Kavarna Belevedere),<\/li><li>na Posestvu Strmol pri Cerkljah na Gorenjskem (Grad Strmol, Kavarna Strmol),<\/li><li>v Strunjanu (Vila Tartini) in<\/li><li>v Ljubljani (vladna Kristalna pala\u010da in Vila Podro\u017enik).<\/li><\/ul><p>\u00a0<\/p><p>Na\u0161 trud, znanje in skrb ne ostanejo neopa\u017eeni. Ponosni smo, da na\u0161i obrati prejemajo\u00a0\u0161tevilna priznanja.<\/p><p>Naj na\u0161tejemo le nekatera:<\/p><ul><li>Restavracija Vile Bled se je uvrstila v presti\u017een kulinari\u010dni vodi\u010d Gault &amp; Millau.<\/li><li>The Slovenian Restaurants Awards je restavracijo Vile Bled umestil celo med 10 najbolj\u0161ih hotelskih restavracij v Sloveniji.<\/li><li>Vila Bled se je uvrstila tudi v o\u017eji krog kandidatov za najbolj\u0161i buti\u010dni hotel v JV Evropi.<\/li><li>Posestvo Brdo z vrhunsko ponudbo poslovnih in zasebnih dogodkov na najvi\u0161ji ravni je postalo Evropsko posestvo leta 2019, po izboru Luxury Travel Guide.<\/li><li>Kongresni center Brdo je z inovativno ponudbo postal dobitnik Brand Leader Award 2016.<\/li><li>Kongresni center je tudi \u017ee ve\u010d let zapored prejemnik priznanja Kongresna zvezda &#8211; Meeting Star.<\/li><li>Kavarna Strmol je leta 2017 prejela priznanje za najlep\u0161e urejen turisti\u010dni objekt v ob\u010dini Cerklje na Gorenjskem.<\/li><li>Kavarna Zois se je kmalu po odprtju umestila med Top 6 lokalov na Gorenjskem po izboru revije City Magazine.<\/li><li>JGZ Brdo se je kot edini javni zavod uvrstil na lestvico 100 najhitreje rasto\u010dih podjetij v Sloveniji \u2013 Gazela 2018, na kar smo zelo ponosni.<\/li><\/ul>\t\t\t\t\t\t<\/div>\n\t\t\t\t<\/div>\n\t\t\t\t<div class=\"elementor-element elementor-element-0980195 elementor-widget elementor-widget-text-editor\" data-id=\"0980195\" data-element_type=\"widget\" data-widget_type=\"text-editor.default\">\n\t\t\t\t<div class=\"elementor-widget-container\">\n\t\t\t\t\t\t\t<p><strong>INOVATIVNOST. VLAGANJE V RAZVOJ.<\/strong><\/p>\t\t\t\t\t\t<\/div>\n\t\t\t\t<\/div>\n\t\t\t\t<div class=\"elementor-element elementor-element-e995027 elementor-widget elementor-widget-text-editor\" data-id=\"e995027\" data-element_type=\"widget\" data-widget_type=\"text-editor.default\">\n\t\t\t\t<div class=\"elementor-widget-container\">\n\t\t\t\t\t\t\t<p>Zavedamo se pomena\u00a0vlaganja v pripadnost in stalno razvojno usmerjenost zaposlenih. Na\u0161a prednostna naloga je ostati v kakovostnem vrhu s storitvami, ki jih nudimo dr\u017eavnim organom na eni in tr\u017enim subjektom na drugi strani.<\/p>\t\t\t\t\t\t<\/div>\n\t\t\t\t<\/div>\n\t\t\t\t<div class=\"elementor-element elementor-element-744f200 elementor-widget elementor-widget-text-editor\" data-id=\"744f200\" data-element_type=\"widget\" data-widget_type=\"text-editor.default\">\n\t\t\t\t<div class=\"elementor-widget-container\">\n\t\t\t\t\t\t\t<p><strong>KAJ NUDIMO ZAPOSLENIM?<\/strong><\/p>\t\t\t\t\t\t<\/div>\n\t\t\t\t<\/div>\n\t\t\t\t<div class=\"elementor-element elementor-element-dace17a elementor-widget elementor-widget-text-editor\" data-id=\"dace17a\" data-element_type=\"widget\" data-widget_type=\"text-editor.default\">\n\t\t\t\t<div class=\"elementor-widget-container\">\n\t\t\t\t\t\t\t<ul><li>Profesionalno delovno okolje na presti\u017enih lokacijah,<\/li><li>mentorstvo in uvajanja v delo,<\/li><li>izku\u0161eno ekipo sodelavcev, od katere se lahko veliko nau\u010dite,<\/li><li>delo in pridobivanje izku\u0161enj na pomembnih poslovnih in protokolarnih dogodkih,<\/li><li>zagotovljena vrhunska delovna obleka,<\/li><li>za kuharsko osebje &#8211; delo v najsodobnej\u0161e opremljenih kuhinjah v Sloveniji,<\/li><li>brezpla\u010dno parkiri\u0161\u010de na ve\u010dini lokacij,<\/li><li>program zdravja na delovnem mestu<\/li><li>in druge ugodnosti za zaposlene.<\/li><\/ul>\t\t\t\t\t\t<\/div>\n\t\t\t\t<\/div>\n\t\t\t\t<div class=\"elementor-element elementor-element-2b924d9 elementor-widget elementor-widget-text-editor\" data-id=\"2b924d9\" data-element_type=\"widget\" data-widget_type=\"text-editor.default\">\n\t\t\t\t<div class=\"elementor-widget-container\">\n\t\t\t\t\t\t\t<p><strong>POSTANI DEL VRHUNSKE EKIPE<\/strong><\/p>\t\t\t\t\t\t<\/div>\n\t\t\t\t<\/div>\n\t\t\t\t<div class=\"elementor-element elementor-element-c9fe0c1 elementor-widget elementor-widget-text-editor\" data-id=\"c9fe0c1\" data-element_type=\"widget\" data-widget_type=\"text-editor.default\">\n\t\t\t\t<div class=\"elementor-widget-container\">\n\t\t\t\t\t\t\t<p><strong>Po\u0161ljite svoj\u00a0\u017eivljenjepis\u00a0po elektronski po\u0161ti na\u00a0<a href=\"mailto:kadri@brdo.si\">kadri@brdo.si<\/a>.<\/strong><\/p>\t\t\t\t\t\t<\/div>\n\t\t\t\t<\/div>\n\t\t\t\t<div class=\"elementor-element elementor-element-6dac529 elementor-widget-divider--view-line elementor-widget elementor-widget-divider\" data-id=\"6dac529\" data-element_type=\"widget\" data-widget_type=\"divider.default\">\n\t\t\t\t<div class=\"elementor-widget-container\">\n\t\t\t<style>\/*! elementor - v3.21.0 - 18-04-2024 *\/\n.elementor-widget-divider{--divider-border-style:none;--divider-border-width:1px;--divider-color:#0c0d0e;--divider-icon-size:20px;--divider-element-spacing:10px;--divider-pattern-height:24px;--divider-pattern-size:20px;--divider-pattern-url:none;--divider-pattern-repeat:repeat-x}.elementor-widget-divider .elementor-divider{display:flex}.elementor-widget-divider .elementor-divider__text{font-size:15px;line-height:1;max-width:95%}.elementor-widget-divider .elementor-divider__element{margin:0 var(--divider-element-spacing);flex-shrink:0}.elementor-widget-divider .elementor-icon{font-size:var(--divider-icon-size)}.elementor-widget-divider .elementor-divider-separator{display:flex;margin:0;direction:ltr}.elementor-widget-divider--view-line_icon .elementor-divider-separator,.elementor-widget-divider--view-line_text .elementor-divider-separator{align-items:center}.elementor-widget-divider--view-line_icon .elementor-divider-separator:after,.elementor-widget-divider--view-line_icon .elementor-divider-separator:before,.elementor-widget-divider--view-line_text .elementor-divider-separator:after,.elementor-widget-divider--view-line_text .elementor-divider-separator:before{display:block;content:\"\";border-block-end:0;flex-grow:1;border-block-start:var(--divider-border-width) var(--divider-border-style) var(--divider-color)}.elementor-widget-divider--element-align-left .elementor-divider .elementor-divider-separator>.elementor-divider__svg:first-of-type{flex-grow:0;flex-shrink:100}.elementor-widget-divider--element-align-left .elementor-divider-separator:before{content:none}.elementor-widget-divider--element-align-left .elementor-divider__element{margin-left:0}.elementor-widget-divider--element-align-right .elementor-divider .elementor-divider-separator>.elementor-divider__svg:last-of-type{flex-grow:0;flex-shrink:100}.elementor-widget-divider--element-align-right .elementor-divider-separator:after{content:none}.elementor-widget-divider--element-align-right .elementor-divider__element{margin-right:0}.elementor-widget-divider--element-align-start .elementor-divider .elementor-divider-separator>.elementor-divider__svg:first-of-type{flex-grow:0;flex-shrink:100}.elementor-widget-divider--element-align-start .elementor-divider-separator:before{content:none}.elementor-widget-divider--element-align-start .elementor-divider__element{margin-inline-start:0}.elementor-widget-divider--element-align-end .elementor-divider .elementor-divider-separator>.elementor-divider__svg:last-of-type{flex-grow:0;flex-shrink:100}.elementor-widget-divider--element-align-end .elementor-divider-separator:after{content:none}.elementor-widget-divider--element-align-end .elementor-divider__element{margin-inline-end:0}.elementor-widget-divider:not(.elementor-widget-divider--view-line_text):not(.elementor-widget-divider--view-line_icon) .elementor-divider-separator{border-block-start:var(--divider-border-width) var(--divider-border-style) var(--divider-color)}.elementor-widget-divider--separator-type-pattern{--divider-border-style:none}.elementor-widget-divider--separator-type-pattern.elementor-widget-divider--view-line .elementor-divider-separator,.elementor-widget-divider--separator-type-pattern:not(.elementor-widget-divider--view-line) .elementor-divider-separator:after,.elementor-widget-divider--separator-type-pattern:not(.elementor-widget-divider--view-line) .elementor-divider-separator:before,.elementor-widget-divider--separator-type-pattern:not([class*=elementor-widget-divider--view]) .elementor-divider-separator{width:100%;min-height:var(--divider-pattern-height);-webkit-mask-size:var(--divider-pattern-size) 100%;mask-size:var(--divider-pattern-size) 100%;-webkit-mask-repeat:var(--divider-pattern-repeat);mask-repeat:var(--divider-pattern-repeat);background-color:var(--divider-color);-webkit-mask-image:var(--divider-pattern-url);mask-image:var(--divider-pattern-url)}.elementor-widget-divider--no-spacing{--divider-pattern-size:auto}.elementor-widget-divider--bg-round{--divider-pattern-repeat:round}.rtl .elementor-widget-divider .elementor-divider__text{direction:rtl}.e-con-inner>.elementor-widget-divider,.e-con>.elementor-widget-divider{width:var(--container-widget-width,100%);--flex-grow:var(--container-widget-flex-grow)}<\/style>\t\t<div class=\"elementor-divider\">\n\t\t\t<span class=\"elementor-divider-separator\">\n\t\t\t\t\t\t<\/span>\n\t\t<\/div>\n\t\t\t\t<\/div>\n\t\t\t\t<\/div>\n\t\t\t\t\t<\/div>\n\t\t<\/div>\n\t\t\t\t\t<\/div>\n\t\t<\/section>\n\t\t\t\t<section class=\"elementor-section elementor-top-section elementor-element elementor-element-f6d510b elementor-section-boxed elementor-section-height-default elementor-section-height-default\" data-id=\"f6d510b\" data-element_type=\"section\">\n\t\t\t\t\t\t<div class=\"elementor-container elementor-column-gap-default\">\n\t\t\t\t\t<div class=\"elementor-column elementor-col-100 elementor-top-column elementor-element elementor-element-f4111e4\" data-id=\"f4111e4\" data-element_type=\"column\">\n\t\t\t<div class=\"elementor-widget-wrap\">\n\t\t\t\t\t\t\t<\/div>\n\t\t<\/div>\n\t\t\t\t\t<\/div>\n\t\t<\/section>\n\t\t\t\t<\/div>\n\t\t","protected":false},"excerpt":{"rendered":"<p>PRILO\u017dNOST ZA ZAPOSLITEV AKTUALNI RAZPISI Pridru\u017eite se ekipi, usposobljeni za izvajanje protokolarnih in tr\u017enih storitev na najvi\u0161ji ravni. Imate izku\u0161nje v kuhinji, stre\u017ebi in hotelirstvu, ste se pripravljeni nenehno izpopolnjevati\u00a0in vam pestra dinamika dela ne predstavlja ovire, ampak izziv? Ne odla\u0161ajte in po\u0161ljite svoj\u00a0\u017eivljenjepis\u00a0po elektronski po\u0161ti: pi\u0161ite nam AKTUALNI RAZPISI PRILO\u017dNOST ZA \u0160TUDENTSKO DELO I\u0161\u010demo [&hellip;]<\/p>\n","protected":false},"author":1,"featured_media":261,"parent":0,"menu_order":220,"comment_status":"closed","ping_status":"closed","template":"","meta":{"uix_meta_title":"","uix_meta_description":"","uix_canonical_url":"","footnotes":""},"_links":{"self":[{"href":"https:\/\/brdo.si\/en\/wp-json\/wp\/v2\/pages\/10745"}],"collection":[{"href":"https:\/\/brdo.si\/en\/wp-json\/wp\/v2\/pages"}],"about":[{"href":"https:\/\/brdo.si\/en\/wp-json\/wp\/v2\/types\/page"}],"author":[{"embeddable":true,"href":"https:\/\/brdo.si\/en\/wp-json\/wp\/v2\/users\/1"}],"replies":[{"embeddable":true,"href":"https:\/\/brdo.si\/en\/wp-json\/wp\/v2\/comments?post=10745"}],"version-history":[{"count":0,"href":"https:\/\/brdo.si\/en\/wp-json\/wp\/v2\/pages\/10745\/revisions"}],"wp:featuredmedia":[{"embeddable":true,"href":"https:\/\/brdo.si\/en\/wp-json\/wp\/v2\/media\/261"}],"wp:attachment":[{"href":"https:\/\/brdo.si\/en\/wp-json\/wp\/v2\/media?parent=10745"}],"curies":[{"name":"wp","href":"https:\/\/api.w.org\/{rel}","templated":true}]}}